{"id":3523,"date":"2022-07-24T17:47:00","date_gmt":"2022-07-24T20:47:00","guid":{"rendered":"https:\/\/borghetti.com.br\/site\/?page_id=3523"},"modified":"2022-07-24T18:00:24","modified_gmt":"2022-07-24T21:00:24","slug":"nossas-politicas","status":"publish","type":"page","link":"https:\/\/borghetti.com.br\/site\/nossas-politicas\/","title":{"rendered":"Nossas Pol\u00edticas"},"content":{"rendered":"\t\t<div data-elementor-type=\"wp-page\" data-elementor-id=\"3523\" class=\"elementor elementor-3523\" data-elementor-settings=\"[]\">\n\t\t\t\t\t\t<div class=\"elementor-inner\">\n\t\t\t\t\t\t\t<div class=\"elementor-section-wrap\">\n\t\t\t\t\t\t\t<section class=\"elementor-section elementor-top-section elementor-element elementor-element-7f47ef8d elementor-section-full_width elementor-section-height-default elementor-section-height-default\" data-id=\"7f47ef8d\" data-element_type=\"section\" data-settings=\"{&quot;background_background&quot;:&quot;classic&quot;}\">\n\t\t\t\t\t\t<div class=\"elementor-container elementor-column-gap-default\">\n\t\t\t\t\t\t\t<div class=\"elementor-row\">\n\t\t\t\t\t<div class=\"elementor-column elementor-col-100 elementor-top-column elementor-element elementor-element-3d57d642\" data-id=\"3d57d642\" data-element_type=\"column\">\n\t\t\t<div class=\"elementor-column-wrap elementor-element-populated\">\n\t\t\t\t\t\t\t<div class=\"elementor-widget-wrap\">\n\t\t\t\t\t\t<div class=\"elementor-element elementor-element-4f9965d3 elementor-widget elementor-widget-heading\" data-id=\"4f9965d3\" data-element_type=\"widget\" data-widget_type=\"heading.default\">\n\t\t\t\t<div class=\"elementor-widget-container\">\n\t\t\t<h2 class=\"elementor-heading-title elementor-size-default\">Nossas Pol\u00edticas<\/h2>\t\t<\/div>\n\t\t\t\t<\/div>\n\t\t\t\t\t\t<\/div>\n\t\t\t\t\t<\/div>\n\t\t<\/div>\n\t\t\t\t\t\t\t\t<\/div>\n\t\t\t\t\t<\/div>\n\t\t<\/section>\n\t\t\t\t<section class=\"elementor-section elementor-top-section elementor-element elementor-element-23052fc elementor-section-boxed elementor-section-height-default elementor-section-height-default\" data-id=\"23052fc\" data-element_type=\"section\">\n\t\t\t\t\t\t<div class=\"elementor-container elementor-column-gap-default\">\n\t\t\t\t\t\t\t<div class=\"elementor-row\">\n\t\t\t\t\t<div class=\"elementor-column elementor-col-100 elementor-top-column elementor-element elementor-element-d04eab7\" data-id=\"d04eab7\" data-element_type=\"column\">\n\t\t\t<div class=\"elementor-column-wrap elementor-element-populated\">\n\t\t\t\t\t\t\t<div class=\"elementor-widget-wrap\">\n\t\t\t\t\t\t<div class=\"elementor-element elementor-element-bcc1309 elementor-widget elementor-widget-spacer\" data-id=\"bcc1309\" data-element_type=\"widget\" data-widget_type=\"spacer.default\">\n\t\t\t\t<div class=\"elementor-widget-container\">\n\t\t\t\t\t<div class=\"elementor-spacer\">\n\t\t\t<div class=\"elementor-spacer-inner\"><\/div>\n\t\t<\/div>\n\t\t\t\t<\/div>\n\t\t\t\t<\/div>\n\t\t\t\t\t\t<\/div>\n\t\t\t\t\t<\/div>\n\t\t<\/div>\n\t\t\t\t\t\t\t\t<\/div>\n\t\t\t\t\t<\/div>\n\t\t<\/section>\n\t\t\t\t<section class=\"elementor-section elementor-top-section elementor-element elementor-element-059c033 elementor-section-boxed elementor-section-height-default elementor-section-height-default\" data-id=\"059c033\" data-element_type=\"section\">\n\t\t\t\t\t\t<div class=\"elementor-container elementor-column-gap-default\">\n\t\t\t\t\t\t\t<div class=\"elementor-row\">\n\t\t\t\t\t<div class=\"elementor-column elementor-col-100 elementor-top-column elementor-element elementor-element-025f854\" data-id=\"025f854\" data-element_type=\"column\">\n\t\t\t<div class=\"elementor-column-wrap elementor-element-populated\">\n\t\t\t\t\t\t\t<div class=\"elementor-widget-wrap\">\n\t\t\t\t\t\t<div class=\"elementor-element elementor-element-c0b0fb8 elementor-widget elementor-widget-text-editor\" data-id=\"c0b0fb8\" data-element_type=\"widget\" data-widget_type=\"text-editor.default\">\n\t\t\t\t<div class=\"elementor-widget-container\">\n\t\t\t\t\t<div class=\"elementor-text-editor elementor-clearfix\"><p class=\"MsoListParagraphCxSpFirst\" style=\"margin-left: 0cm; mso-add-space: auto;\"><b>DIREITOS AUTORAIS<\/b><\/p>\n<p class=\"MsoListParagraphCxSpMiddle\" style=\"margin-left: 0cm; mso-add-space: auto;\"><b>&nbsp;<\/b><\/p>\n<p class=\"MsoListParagraphCxSpMiddle\" style=\"margin-left: 0cm; mso-add-space: auto; text-align: justify; text-indent: 42.0pt;\">Todo o conte\u00fado deste site, em especial as obras da artista, s\u00e3o protegidos por direitos autorais. N\u00e3o \u00e9 permitido o uso das obras sem autoriza\u00e7\u00e3o, mesmo que o uso n\u00e3o tenha finalidade comercial, salvo se o uso for para estudo ou pesquisa acad\u00eamica.<\/p>\n<p class=\"MsoListParagraphCxSpMiddle\" style=\"margin-left: 0cm; mso-add-space: auto; text-align: justify; text-indent: 42.0pt;\">Se voc\u00ea quiser fazer uso das imagens ou qualquer outro tipo de uso das obras da artista, fa\u00e7a contato conosco para avaliarmos a concess\u00e3o de uma licen\u00e7a. Nosso objetivo n\u00e3o \u00e9 impedir o uso das obras, mas ter conhecimento do que se pretende fazer com elas. Concedemos licen\u00e7as gratuitas e onerosas, dependendo do caso.<\/p>\n<p class=\"MsoListParagraphCxSpMiddle\" style=\"margin-left: 0cm; mso-add-space: auto; text-align: justify; text-indent: 42.0pt;\">Entendemos que o respeito aos direitos autorais \u00e9 muito importante.<\/p>\n<p class=\"MsoListParagraphCxSpMiddle\" style=\"margin-left: 0cm; mso-add-space: auto; text-align: justify; text-indent: 42.0pt;\"><br><\/p>\n<p class=\"MsoListParagraphCxSpMiddle\" style=\"margin-left: 0cm; mso-add-space: auto; text-align: justify; text-indent: 42.0pt;\">\n<\/p><p class=\"MsoListParagraphCxSpMiddle\" style=\"margin-left: 0cm; mso-add-space: auto; text-align: justify; text-indent: 42.0pt;\"><i><span lang=\"EN\">All content on this site, especially the artist&#8217;s works, are protected by copyright. It is not allowed to use the works without permission, even if the use has no commercial purpose, unless the use for academic study or research.<\/span><\/i><\/p>\n<p class=\"MsoListParagraphCxSpMiddle\" style=\"margin-left: 0cm; mso-add-space: auto; text-align: justify; text-indent: 42.0pt;\"><i><span lang=\"EN\">If you want to use any images or if you want to do any other use of the artist&#8217;s works, please contact us so that we can evaluate the granting of a license. Our objective is not to prevent the use of the works, but to be aware of what is intended to be done with them. We grant free and onerous licenses, depending on the case.<\/span><\/i><\/p>\n<p class=\"MsoListParagraphCxSpMiddle\" style=\"margin-left: 0cm; mso-add-space: auto; text-align: justify; text-indent: 42.0pt;\"><i><span lang=\"EN\">We understand that respect for copyright is very important.<\/span><\/i><i><\/i><\/p>\n<p class=\"MsoListParagraphCxSpMiddle\" style=\"margin-left: 0cm; mso-add-space: auto;\"><b><span lang=\"EN-US\">&nbsp;<\/span><\/b><\/p>\n<p class=\"MsoListParagraphCxSpMiddle\" style=\"margin-left: 0cm; mso-add-space: auto;\"><b><br><\/b><\/p>\n<p class=\"MsoListParagraphCxSpMiddle\" style=\"margin-left: 0cm; mso-add-space: auto;\"><b>DADOS PESSOAIS<\/b><\/p>\n<p class=\"MsoListParagraphCxSpMiddle\" style=\"margin-left: 0cm; mso-add-space: auto;\"><b>&nbsp;<\/b><\/p>\n<p class=\"MsoListParagraphCxSpMiddle\" style=\"margin-left: 0cm; mso-add-space: auto; text-align: justify; text-indent: 42.0pt;\">Nosso site n\u00e3o coleta dados pessoais<i>&nbsp;<\/i>para melhorar a experi\u00eancia de navega\u00e7\u00e3o. Isso porque nosso site \u00e9 est\u00e1tico. Apenas te oferece conte\u00fado. Se n\u00e3o coletamos dados pessoais, sua privacidade est\u00e1 protegia ao navegar no nosso site.<\/p>\n<p class=\"MsoListParagraphCxSpMiddle\" style=\"margin-left: 0cm; mso-add-space: auto; text-align: justify;\"><i>&nbsp;<\/i><\/p>\n<p><\/p>\n<p class=\"MsoListParagraphCxSpLast\" style=\"margin-left: 0cm; mso-add-space: auto; text-align: justify; text-indent: 42.0pt;\"><i><span lang=\"EN\">Our website does not collect personal data to improve your browsing experience. That is because our website is static. It just offers you content. If we do not collect personal data, your privacy is protected when browsing our website.<\/span><\/i><i><\/i><\/p><\/div>\n\t\t\t\t<\/div>\n\t\t\t\t<\/div>\n\t\t\t\t\t\t<\/div>\n\t\t\t\t\t<\/div>\n\t\t<\/div>\n\t\t\t\t\t\t\t\t<\/div>\n\t\t\t\t\t<\/div>\n\t\t<\/section>\n\t\t\t\t<section class=\"elementor-section elementor-top-section elementor-element elementor-element-2103b5fa elementor-section-boxed elementor-section-height-default elementor-section-height-default\" data-id=\"2103b5fa\" data-element_type=\"section\">\n\t\t\t\t\t\t<div class=\"elementor-container elementor-column-gap-default\">\n\t\t\t\t\t\t\t<div class=\"elementor-row\">\n\t\t\t\t\t<div class=\"elementor-column elementor-col-100 elementor-top-column elementor-element elementor-element-3d1366be\" data-id=\"3d1366be\" data-element_type=\"column\">\n\t\t\t<div class=\"elementor-column-wrap elementor-element-populated\">\n\t\t\t\t\t\t\t<div class=\"elementor-widget-wrap\">\n\t\t\t\t\t\t<div class=\"elementor-element elementor-element-3d71537e elementor-align-center elementor-widget elementor-widget-button\" data-id=\"3d71537e\" data-element_type=\"widget\" data-widget_type=\"button.default\">\n\t\t\t\t<div class=\"elementor-widget-container\">\n\t\t\t\t\t<div class=\"elementor-button-wrapper\">\n\t\t\t<a href=\"https:\/\/borghetti.com.br\/site\/\" class=\"elementor-button-link elementor-button elementor-size-sm elementor-animation-grow\" role=\"button\">\n\t\t\t\t\t\t<span class=\"elementor-button-content-wrapper\">\n\t\t\t\t\t\t<span class=\"elementor-button-text\">Voltar<\/span>\n\t\t<\/span>\n\t\t\t\t\t<\/a>\n\t\t<\/div>\n\t\t\t\t<\/div>\n\t\t\t\t<\/div>\n\t\t\t\t\t\t<\/div>\n\t\t\t\t\t<\/div>\n\t\t<\/div>\n\t\t\t\t\t\t\t\t<\/div>\n\t\t\t\t\t<\/div>\n\t\t<\/section>\n\t\t\t\t<section class=\"elementor-section elementor-top-section elementor-element elementor-element-3cbf7f6 elementor-section-boxed elementor-section-height-default elementor-section-height-default\" data-id=\"3cbf7f6\" data-element_type=\"section\">\n\t\t\t\t\t\t<div class=\"elementor-container elementor-column-gap-default\">\n\t\t\t\t\t\t\t<div class=\"elementor-row\">\n\t\t\t\t\t<div class=\"elementor-column elementor-col-100 elementor-top-column elementor-element elementor-element-39d6706\" data-id=\"39d6706\" data-element_type=\"column\">\n\t\t\t<div class=\"elementor-column-wrap elementor-element-populated\">\n\t\t\t\t\t\t\t<div class=\"elementor-widget-wrap\">\n\t\t\t\t\t\t<div class=\"elementor-element elementor-element-a137ef4 elementor-widget elementor-widget-spacer\" data-id=\"a137ef4\" data-element_type=\"widget\" data-widget_type=\"spacer.default\">\n\t\t\t\t<div class=\"elementor-widget-container\">\n\t\t\t\t\t<div class=\"elementor-spacer\">\n\t\t\t<div class=\"elementor-spacer-inner\"><\/div>\n\t\t<\/div>\n\t\t\t\t<\/div>\n\t\t\t\t<\/div>\n\t\t\t\t\t\t<\/div>\n\t\t\t\t\t<\/div>\n\t\t<\/div>\n\t\t\t\t\t\t\t\t<\/div>\n\t\t\t\t\t<\/div>\n\t\t<\/section>\n\t\t\t\t\t\t<\/div>\n\t\t\t\t\t\t<\/div>\n\t\t\t\t\t<\/div>\n\t\t","protected":false},"excerpt":{"rendered":"<p>Nossas Pol\u00edticas DIREITOS AUTORAIS &nbsp; Todo o conte\u00fado deste site, em especial as obras da artista, s\u00e3o protegidos por direitos autorais. N\u00e3o \u00e9 permitido o uso das obras sem autoriza\u00e7\u00e3o,&#8230;<\/p>\n","protected":false},"author":1,"featured_media":0,"parent":0,"menu_order":0,"comment_status":"closed","ping_status":"closed","template":"elementor_header_footer","meta":{"footnotes":""},"class_list":["post-3523","page","type-page","status-publish","hentry"],"_links":{"self":[{"href":"https:\/\/borghetti.com.br\/site\/wp-json\/wp\/v2\/pages\/3523","targetHints":{"allow":["GET"]}}],"collection":[{"href":"https:\/\/borghetti.com.br\/site\/wp-json\/wp\/v2\/pages"}],"about":[{"href":"https:\/\/borghetti.com.br\/site\/wp-json\/wp\/v2\/types\/page"}],"author":[{"embeddable":true,"href":"https:\/\/borghetti.com.br\/site\/wp-json\/wp\/v2\/users\/1"}],"replies":[{"embeddable":true,"href":"https:\/\/borghetti.com.br\/site\/wp-json\/wp\/v2\/comments?post=3523"}],"version-history":[{"count":5,"href":"https:\/\/borghetti.com.br\/site\/wp-json\/wp\/v2\/pages\/3523\/revisions"}],"predecessor-version":[{"id":3528,"href":"https:\/\/borghetti.com.br\/site\/wp-json\/wp\/v2\/pages\/3523\/revisions\/3528"}],"wp:attachment":[{"href":"https:\/\/borghetti.com.br\/site\/wp-json\/wp\/v2\/media?parent=3523"}],"curies":[{"name":"wp","href":"https:\/\/api.w.org\/{rel}","templated":true}]}}