{"id":3370,"date":"2022-07-19T11:43:18","date_gmt":"2022-07-19T14:43:18","guid":{"rendered":"https:\/\/borghetti.com.br\/site\/?page_id=3370"},"modified":"2022-07-19T11:44:59","modified_gmt":"2022-07-19T14:44:59","slug":"tijolo-a-tijolo","status":"publish","type":"page","link":"https:\/\/borghetti.com.br\/site\/obras\/trabalhos-especiais\/tijolo-a-tijolo\/","title":{"rendered":"Tijolo a tijolo"},"content":{"rendered":"\t\t<div data-elementor-type=\"wp-page\" data-elementor-id=\"3370\" class=\"elementor elementor-3370\" data-elementor-settings=\"[]\">\n\t\t\t\t\t\t<div class=\"elementor-inner\">\n\t\t\t\t\t\t\t<div class=\"elementor-section-wrap\">\n\t\t\t\t\t\t\t<section class=\"elementor-section elementor-top-section elementor-element elementor-element-60cd339 elementor-section-full_width elementor-section-height-default elementor-section-height-default\" data-id=\"60cd339\" data-element_type=\"section\" data-settings=\"{&quot;background_background&quot;:&quot;classic&quot;}\">\n\t\t\t\t\t\t<div class=\"elementor-container elementor-column-gap-default\">\n\t\t\t\t\t\t\t<div class=\"elementor-row\">\n\t\t\t\t\t<div class=\"elementor-column elementor-col-100 elementor-top-column elementor-element elementor-element-70517cd0\" data-id=\"70517cd0\" data-element_type=\"column\">\n\t\t\t<div class=\"elementor-column-wrap elementor-element-populated\">\n\t\t\t\t\t\t\t<div class=\"elementor-widget-wrap\">\n\t\t\t\t\t\t<div class=\"elementor-element elementor-element-4bed0a12 elementor-widget elementor-widget-heading\" data-id=\"4bed0a12\" data-element_type=\"widget\" data-widget_type=\"heading.default\">\n\t\t\t\t<div class=\"elementor-widget-container\">\n\t\t\t<h2 class=\"elementor-heading-title elementor-size-default\">Tijolo a tijolo<\/h2>\t\t<\/div>\n\t\t\t\t<\/div>\n\t\t\t\t\t\t<\/div>\n\t\t\t\t\t<\/div>\n\t\t<\/div>\n\t\t\t\t\t\t\t\t<\/div>\n\t\t\t\t\t<\/div>\n\t\t<\/section>\n\t\t\t\t<section class=\"elementor-section elementor-top-section elementor-element elementor-element-d21fbf7 elementor-section-boxed elementor-section-height-default elementor-section-height-default\" data-id=\"d21fbf7\" data-element_type=\"section\">\n\t\t\t\t\t\t<div class=\"elementor-container elementor-column-gap-default\">\n\t\t\t\t\t\t\t<div class=\"elementor-row\">\n\t\t\t\t\t<div class=\"elementor-column elementor-col-100 elementor-top-column elementor-element elementor-element-7fda466\" data-id=\"7fda466\" data-element_type=\"column\">\n\t\t\t<div class=\"elementor-column-wrap elementor-element-populated\">\n\t\t\t\t\t\t\t<div class=\"elementor-widget-wrap\">\n\t\t\t\t\t\t<div class=\"elementor-element elementor-element-f1ef5eb elementor-widget elementor-widget-spacer\" data-id=\"f1ef5eb\" data-element_type=\"widget\" data-widget_type=\"spacer.default\">\n\t\t\t\t<div class=\"elementor-widget-container\">\n\t\t\t\t\t<div class=\"elementor-spacer\">\n\t\t\t<div class=\"elementor-spacer-inner\"><\/div>\n\t\t<\/div>\n\t\t\t\t<\/div>\n\t\t\t\t<\/div>\n\t\t\t\t\t\t<\/div>\n\t\t\t\t\t<\/div>\n\t\t<\/div>\n\t\t\t\t\t\t\t\t<\/div>\n\t\t\t\t\t<\/div>\n\t\t<\/section>\n\t\t\t\t<section class=\"elementor-section elementor-top-section elementor-element elementor-element-26f927a elementor-section-boxed elementor-section-height-default elementor-section-height-default\" data-id=\"26f927a\" data-element_type=\"section\">\n\t\t\t\t\t\t<div class=\"elementor-container elementor-column-gap-default\">\n\t\t\t\t\t\t\t<div class=\"elementor-row\">\n\t\t\t\t\t<div class=\"elementor-column elementor-col-100 elementor-top-column elementor-element elementor-element-3365d79\" data-id=\"3365d79\" data-element_type=\"column\">\n\t\t\t<div class=\"elementor-column-wrap elementor-element-populated\">\n\t\t\t\t\t\t\t<div class=\"elementor-widget-wrap\">\n\t\t\t\t\t\t<div class=\"elementor-element elementor-element-24e6e86 elementor-widget elementor-widget-modula_elementor_gallery\" data-id=\"24e6e86\" data-element_type=\"widget\" data-widget_type=\"modula_elementor_gallery.default\">\n\t\t\t\t<div class=\"elementor-widget-container\">\n\t\t\t<div  id=\"jtg-3132\" class=\"modula modula-gallery modula-creative-gallery\" data-config=\"{&quot;height&quot;:800,&quot;tabletHeight&quot;:800,&quot;mobileHeight&quot;:800,&quot;desktopHeight&quot;:800,&quot;enableTwitter&quot;:false,&quot;enableWhatsapp&quot;:false,&quot;enableFacebook&quot;:false,&quot;enablePinterest&quot;:false,&quot;enableLinkedin&quot;:false,&quot;enableEmail&quot;:false,&quot;randomFactor&quot;:0.5,&quot;type&quot;:&quot;creative-gallery&quot;,&quot;columns&quot;:12,&quot;gutter&quot;:10,&quot;mobileGutter&quot;:10,&quot;tabletGutter&quot;:10,&quot;desktopGutter&quot;:10,&quot;enableResponsive&quot;:&quot;0&quot;,&quot;tabletColumns&quot;:&quot;2&quot;,&quot;mobileColumns&quot;:&quot;1&quot;,&quot;lazyLoad&quot;:0,&quot;lightboxOpts&quot;:{&quot;animated&quot;:true,&quot;Thumbs&quot;:{&quot;type&quot;:&quot;modern&quot;,&quot;showOnStart&quot;:false},&quot;Toolbar&quot;:{&quot;display&quot;:{&quot;right&quot;:[&quot;close&quot;]},&quot;enabled&quot;:true},&quot;Carousel&quot;:{&quot;Panzoom&quot;:{&quot;touch&quot;:true},&quot;infinite&quot;:false},&quot;keyboard&quot;:{&quot;Escape&quot;:&quot;close&quot;,&quot;Delete&quot;:&quot;close&quot;,&quot;Backspace&quot;:&quot;close&quot;,&quot;PageUp&quot;:false,&quot;PageDown&quot;:false,&quot;ArrowUp&quot;:false,&quot;ArrowDown&quot;:false,&quot;ArrowRight&quot;:false,&quot;ArrowLeft&quot;:false},&quot;touch&quot;:false,&quot;backdropClick&quot;:false,&quot;l10n&quot;:{&quot;CLOSE&quot;:&quot;Fechar&quot;,&quot;NEXT&quot;:&quot;Pr\\u00f3ximo&quot;,&quot;PREV&quot;:&quot;Anterior&quot;,&quot;Error&quot;:&quot;N\\u00e3o foi poss\\u00edvel carregar o conte\\u00fado solicitado. Tente novamente mais tarde.&quot;,&quot;PLAY_START&quot;:&quot;Iniciar apresenta\\u00e7\\u00e3o de slides&quot;,&quot;PLAY_STOP&quot;:&quot;Pausar apresenta\\u00e7\\u00e3o de slides&quot;,&quot;FULL_SCREEN&quot;:&quot;Tela cheia&quot;,&quot;THUMBS&quot;:&quot;Miniaturas&quot;,&quot;DOWNLOAD&quot;:&quot;Baixar&quot;,&quot;SHARE&quot;:&quot;Compartilhar&quot;,&quot;ZOOM&quot;:&quot;Ampliar&quot;,&quot;EMAIL&quot;:&quot;Here is the link to the image : %%image_link%% and this is the link to the gallery : %%gallery_link%%&quot;,&quot;MODAL&quot;:&quot;Voc\\u00ea pode dispensar este conte\\u00fado com a tecla ESC&quot;,&quot;ERROR&quot;:&quot;Algo deu errado, tente novamente mais tarde&quot;,&quot;IMAGE_ERROR&quot;:&quot;Imagem n\\u00e3o encontrada&quot;,&quot;ELEMENT_NOT_FOUND&quot;:&quot;Elemento HTML n\\u00e3o encontrado&quot;,&quot;AJAX_NOT_FOUND&quot;:&quot;Erro ao carregar AJAX: N\\u00e3o encontrado&quot;,&quot;AJAX_FORBIDDEN&quot;:&quot;Erro ao carregar AJAX: N\\u00e3o autorizado&quot;,&quot;IFRAME_ERROR&quot;:&quot;Erro ao carregar a p\\u00e1gina&quot;,&quot;TOGGLE_ZOOM&quot;:&quot;Alternar n\\u00edvel de zoom&quot;,&quot;TOGGLE_THUMBS&quot;:&quot;Alternar miniaturas&quot;,&quot;TOGGLE_SLIDESHOW&quot;:&quot;Alternar exibi\\u00e7\\u00e3o de slides&quot;,&quot;TOGGLE_FULLSCREEN&quot;:&quot;Alternar modo de tela cheia&quot;},&quot;Images&quot;:{&quot;Panzoom&quot;:{&quot;maxScale&quot;:2}},&quot;mainClass&quot;:&quot;modula-fancybox-container modula-lightbox-jtg-3132&quot;,&quot;Html&quot;:{&quot;videoAutoplay&quot;:0,&quot;videoTpl&quot;:&quot;&lt;video class=\\&quot;fancybox__html5video\\&quot; controls muted playsinline controlsList controlsList=\\&quot;nodownload\\&quot; poster=\\&quot;{{poster}}\\&quot; src=\\&quot;{{src}}\\&quot; type=\\&quot;{{format}}\\&quot; &gt;  Sorry, your browser doesn&#039;t support embedded videos, &lt;a href=\\&quot;{{src}}\\&quot;&gt; download &lt;\\\/a&gt; and watch with your favorite video player! &lt;\\\/video&gt;&quot;}},&quot;inView&quot;:false,&quot;email_subject&quot;:&quot;Check out this awesome image !!&quot;,&quot;email_message&quot;:&quot;Here is the link to the image : %%image_link%% and this is the link to the gallery : %%gallery_link%%&quot;,&quot;lightbox&quot;:&quot;fancybox&quot;}\">\n\n\t\n\t<div  class=\"modula-items\">\n\t\t<div class=\"modula-item effect-pufrobo\" >\n\t<div class=\"modula-item-overlay\"><\/div>\n\n\t<div class=\"modula-item-content\">\n\n\t\t<a data-image-id=\"2971\" role=\"button\" data-elementor-open-lightbox=\"no\" tabindex=\"0\" rel=\"jtg-3132\" data-caption=\"Pol\u00edptico: 60 telas-dim.33cm x 24cm-dim.painel 3.33m x 1.49m - Assembl\u00e9ia da Fam\u00edlia - PassoFundo - Novembro 2007\" aria-label=\"Abrir imagem no lightbox\" class=\"tile-inner modula-item-link\"><\/a><img loading=\"lazy\" decoding=\"async\" class=\"pic wp-image-2971\"  data-valign=\"middle\" data-halign=\"center\" alt=\"\" data-full=\"https:\/\/borghetti.com.br\/site\/wp-content\/uploads\/botao.jpg\" title=\"Pol\u00edptico: 60 telas-dim.33cm x 24cm-dim.painel 3.33m x 1.49m -\" crop=\"\" width=\"640\" height=\"734\" src=\"https:\/\/borghetti.com.br\/site\/wp-content\/uploads\/botao-893x1024.jpg\" data-src=\"https:\/\/borghetti.com.br\/site\/wp-content\/uploads\/botao-893x1024.jpg\" data-caption=\"Pol\u00edptico: 60 telas-dim.33cm x 24cm-dim.painel 3.33m x 1.49m - Assembl\u00e9ia da Fam\u00edlia - PassoFundo - Novembro 2007\" srcset=\"https:\/\/borghetti.com.br\/site\/wp-content\/uploads\/botao.jpg 1055w, https:\/\/borghetti.com.br\/site\/wp-content\/uploads\/botao-262x300.jpg 262w, https:\/\/borghetti.com.br\/site\/wp-content\/uploads\/botao-893x1024.jpg 893w, https:\/\/borghetti.com.br\/site\/wp-content\/uploads\/botao-768x881.jpg 768w, https:\/\/borghetti.com.br\/site\/wp-content\/uploads\/botao-640x734.jpg 640w\" sizes=\"auto, (max-width: 640px) 100vw, 640px\" \/>\n\t\t<div class=\"figc\">\n\t\t\t<div class=\"figc-inner\">\n\t\t\t\t\t\t\t\t\t\t\t\t\t\t\t<\/div>\n\t\t<\/div>\n\n\t<\/div>\n\n<\/div><div class=\"modula-item effect-pufrobo\" >\n\t<div class=\"modula-item-overlay\"><\/div>\n\n\t<div class=\"modula-item-content\">\n\n\t\t<a data-image-id=\"2974\" role=\"button\" data-elementor-open-lightbox=\"no\" tabindex=\"0\" rel=\"jtg-3132\" data-caption=\"Pol\u00edptico: 60 telas-dim.33cm x 24cm-dim.painel 3.33m x 1.49m - Assembl\u00e9ia da Fam\u00edlia - PassoFundo - Novembro 2007\" aria-label=\"Abrir imagem no lightbox\" class=\"tile-inner modula-item-link\"><\/a><img loading=\"lazy\" decoding=\"async\" class=\"pic wp-image-2974\"  data-valign=\"middle\" data-halign=\"center\" alt=\"\" data-full=\"https:\/\/borghetti.com.br\/site\/wp-content\/uploads\/Mural-Lou-Borghetti-Assembleia-da-familia-2007.jpg\" title=\"Pol\u00edptico: 60 telas-dim.33cm x 24cm-dim.painel 3.33m x 1.49m -\" crop=\"\" width=\"640\" height=\"453\" src=\"https:\/\/borghetti.com.br\/site\/wp-content\/uploads\/Mural-Lou-Borghetti-Assembleia-da-familia-2007-1024x724.jpg\" data-src=\"https:\/\/borghetti.com.br\/site\/wp-content\/uploads\/Mural-Lou-Borghetti-Assembleia-da-familia-2007-1024x724.jpg\" data-caption=\"Pol\u00edptico: 60 telas-dim.33cm x 24cm-dim.painel 3.33m x 1.49m - Assembl\u00e9ia da Fam\u00edlia - PassoFundo - Novembro 2007\" srcset=\"https:\/\/borghetti.com.br\/site\/wp-content\/uploads\/Mural-Lou-Borghetti-Assembleia-da-familia-2007-scaled.jpg 2560w, https:\/\/borghetti.com.br\/site\/wp-content\/uploads\/Mural-Lou-Borghetti-Assembleia-da-familia-2007-300x212.jpg 300w, https:\/\/borghetti.com.br\/site\/wp-content\/uploads\/Mural-Lou-Borghetti-Assembleia-da-familia-2007-1024x724.jpg 1024w, https:\/\/borghetti.com.br\/site\/wp-content\/uploads\/Mural-Lou-Borghetti-Assembleia-da-familia-2007-768x543.jpg 768w, https:\/\/borghetti.com.br\/site\/wp-content\/uploads\/Mural-Lou-Borghetti-Assembleia-da-familia-2007-1536x1086.jpg 1536w, https:\/\/borghetti.com.br\/site\/wp-content\/uploads\/Mural-Lou-Borghetti-Assembleia-da-familia-2007-2048x1448.jpg 2048w, https:\/\/borghetti.com.br\/site\/wp-content\/uploads\/Mural-Lou-Borghetti-Assembleia-da-familia-2007-scaled-640x453.jpg 640w\" sizes=\"auto, (max-width: 640px) 100vw, 640px\" \/>\n\t\t<div class=\"figc\">\n\t\t\t<div class=\"figc-inner\">\n\t\t\t\t\t\t\t\t\t\t\t\t\t\t\t<\/div>\n\t\t<\/div>\n\n\t<\/div>\n\n<\/div><div class=\"modula-item effect-pufrobo\" >\n\t<div class=\"modula-item-overlay\"><\/div>\n\n\t<div class=\"modula-item-content\">\n\n\t\t<a data-image-id=\"2973\" role=\"button\" data-elementor-open-lightbox=\"no\" tabindex=\"0\" rel=\"jtg-3132\" data-caption=\"RBS - objeto totem acr\u00edlico 150x30x30cm\" aria-label=\"Abrir imagem no lightbox\" class=\"tile-inner modula-item-link\"><\/a><img loading=\"lazy\" decoding=\"async\" class=\"pic wp-image-2973\"  data-valign=\"middle\" data-halign=\"center\" alt=\"\" data-full=\"https:\/\/borghetti.com.br\/site\/wp-content\/uploads\/Elos.jpg\" title=\"RBS - objeto totem acr\u00edlico 150x30x30cm\" crop=\"\" width=\"595\" height=\"892\" src=\"https:\/\/borghetti.com.br\/site\/wp-content\/uploads\/Elos.jpg\" data-src=\"https:\/\/borghetti.com.br\/site\/wp-content\/uploads\/Elos.jpg\" data-caption=\"RBS - objeto totem acr\u00edlico 150x30x30cm\" srcset=\"https:\/\/borghetti.com.br\/site\/wp-content\/uploads\/Elos.jpg 595w, https:\/\/borghetti.com.br\/site\/wp-content\/uploads\/Elos-200x300.jpg 200w\" sizes=\"auto, (max-width: 595px) 100vw, 595px\" \/>\n\t\t<div class=\"figc\">\n\t\t\t<div class=\"figc-inner\">\n\t\t\t\t\t\t\t\t\t\t\t\t\t\t\t<\/div>\n\t\t<\/div>\n\n\t<\/div>\n\n<\/div><div class=\"modula-item effect-pufrobo\" >\n\t<div class=\"modula-item-overlay\"><\/div>\n\n\t<div class=\"modula-item-content\">\n\n\t\t<a data-image-id=\"2972\" role=\"button\" data-elementor-open-lightbox=\"no\" tabindex=\"0\" rel=\"jtg-3132\" data-caption=\"RBS - objeto totem acr\u00edlico 150x30x30cm\" aria-label=\"Abrir imagem no lightbox\" class=\"tile-inner modula-item-link\"><\/a><img loading=\"lazy\" decoding=\"async\" class=\"pic wp-image-2972\"  data-valign=\"middle\" data-halign=\"center\" alt=\"\" data-full=\"https:\/\/borghetti.com.br\/site\/wp-content\/uploads\/Elos-2.jpg\" title=\"RBS - objeto totem acr\u00edlico 150x30x30cm\" crop=\"\" width=\"640\" height=\"570\" src=\"https:\/\/borghetti.com.br\/site\/wp-content\/uploads\/Elos-2.jpg\" data-src=\"https:\/\/borghetti.com.br\/site\/wp-content\/uploads\/Elos-2.jpg\" data-caption=\"RBS - objeto totem acr\u00edlico 150x30x30cm\" srcset=\"https:\/\/borghetti.com.br\/site\/wp-content\/uploads\/Elos-2.jpg 794w, https:\/\/borghetti.com.br\/site\/wp-content\/uploads\/Elos-2-300x267.jpg 300w, https:\/\/borghetti.com.br\/site\/wp-content\/uploads\/Elos-2-768x684.jpg 768w, https:\/\/borghetti.com.br\/site\/wp-content\/uploads\/Elos-2-640x570.jpg 640w\" sizes=\"auto, (max-width: 640px) 100vw, 640px\" \/>\n\t\t<div class=\"figc\">\n\t\t\t<div class=\"figc-inner\">\n\t\t\t\t\t\t\t\t\t\t\t\t\t\t\t<\/div>\n\t\t<\/div>\n\n\t<\/div>\n\n<\/div>\t\t\n\t<\/div>\n\n\t\n\t\n\t<script type=\"application\/ld+json\">\n\t{\n\t\t\"@context\": \"https:\/\/schema.org\",\n\t\t\"@type\"   : \"ImageGallery\",\n\t\t\"id\"      : \"https:\/\/borghetti.com.br\/site\/obras\/trabalhos-especiais\/tijolo-a-tijolo\/#modula-gallery-3132\",\n\t\t\"url\"     : \"https:\/\/borghetti.com.br\/site\/obras\/trabalhos-especiais\/tijolo-a-tijolo\/\"\n\t}\n\n\t<\/script>\n\n\t\n<\/div>\n\t\t<\/div>\n\t\t\t\t<\/div>\n\t\t\t\t\t\t<\/div>\n\t\t\t\t\t<\/div>\n\t\t<\/div>\n\t\t\t\t\t\t\t\t<\/div>\n\t\t\t\t\t<\/div>\n\t\t<\/section>\n\t\t\t\t<section class=\"elementor-section elementor-top-section elementor-element elementor-element-5267857 elementor-section-boxed elementor-section-height-default elementor-section-height-default\" data-id=\"5267857\" data-element_type=\"section\">\n\t\t\t\t\t\t<div class=\"elementor-container elementor-column-gap-default\">\n\t\t\t\t\t\t\t<div class=\"elementor-row\">\n\t\t\t\t\t<div class=\"elementor-column elementor-col-100 elementor-top-column elementor-element elementor-element-4cce38f7\" data-id=\"4cce38f7\" data-element_type=\"column\">\n\t\t\t<div class=\"elementor-column-wrap elementor-element-populated\">\n\t\t\t\t\t\t\t<div class=\"elementor-widget-wrap\">\n\t\t\t\t\t\t<div class=\"elementor-element elementor-element-47598d4f elementor-align-center elementor-widget elementor-widget-button\" data-id=\"47598d4f\" data-element_type=\"widget\" data-widget_type=\"button.default\">\n\t\t\t\t<div class=\"elementor-widget-container\">\n\t\t\t\t\t<div class=\"elementor-button-wrapper\">\n\t\t\t<a href=\"https:\/\/borghetti.com.br\/site\/obras\/trabalhos-especiais\/\" class=\"elementor-button-link elementor-button elementor-size-sm elementor-animation-grow\" role=\"button\">\n\t\t\t\t\t\t<span class=\"elementor-button-content-wrapper\">\n\t\t\t\t\t\t<span class=\"elementor-button-text\">Voltar<\/span>\n\t\t<\/span>\n\t\t\t\t\t<\/a>\n\t\t<\/div>\n\t\t\t\t<\/div>\n\t\t\t\t<\/div>\n\t\t\t\t\t\t<\/div>\n\t\t\t\t\t<\/div>\n\t\t<\/div>\n\t\t\t\t\t\t\t\t<\/div>\n\t\t\t\t\t<\/div>\n\t\t<\/section>\n\t\t\t\t<section class=\"elementor-section elementor-top-section elementor-element elementor-element-2686c0d elementor-section-boxed elementor-section-height-default elementor-section-height-default\" data-id=\"2686c0d\" data-element_type=\"section\">\n\t\t\t\t\t\t<div class=\"elementor-container elementor-column-gap-default\">\n\t\t\t\t\t\t\t<div class=\"elementor-row\">\n\t\t\t\t\t<div class=\"elementor-column elementor-col-100 elementor-top-column elementor-element elementor-element-4f815ba\" data-id=\"4f815ba\" data-element_type=\"column\">\n\t\t\t<div class=\"elementor-column-wrap elementor-element-populated\">\n\t\t\t\t\t\t\t<div class=\"elementor-widget-wrap\">\n\t\t\t\t\t\t<div class=\"elementor-element elementor-element-fe95512 elementor-widget elementor-widget-spacer\" data-id=\"fe95512\" data-element_type=\"widget\" data-widget_type=\"spacer.default\">\n\t\t\t\t<div class=\"elementor-widget-container\">\n\t\t\t\t\t<div class=\"elementor-spacer\">\n\t\t\t<div class=\"elementor-spacer-inner\"><\/div>\n\t\t<\/div>\n\t\t\t\t<\/div>\n\t\t\t\t<\/div>\n\t\t\t\t\t\t<\/div>\n\t\t\t\t\t<\/div>\n\t\t<\/div>\n\t\t\t\t\t\t\t\t<\/div>\n\t\t\t\t\t<\/div>\n\t\t<\/section>\n\t\t\t\t\t\t<\/div>\n\t\t\t\t\t\t<\/div>\n\t\t\t\t\t<\/div>\n\t\t","protected":false},"excerpt":{"rendered":"<p>Tijolo a tijolo Voltar<\/p>\n","protected":false},"author":1,"featured_media":0,"parent":3333,"menu_order":8,"comment_status":"closed","ping_status":"closed","template":"elementor_header_footer","meta":{"footnotes":""},"class_list":["post-3370","page","type-page","status-publish","hentry"],"_links":{"self":[{"href":"https:\/\/borghetti.com.br\/site\/wp-json\/wp\/v2\/pages\/3370","targetHints":{"allow":["GET"]}}],"collection":[{"href":"https:\/\/borghetti.com.br\/site\/wp-json\/wp\/v2\/pages"}],"about":[{"href":"https:\/\/borghetti.com.br\/site\/wp-json\/wp\/v2\/types\/page"}],"author":[{"embeddable":true,"href":"https:\/\/borghetti.com.br\/site\/wp-json\/wp\/v2\/users\/1"}],"replies":[{"embeddable":true,"href":"https:\/\/borghetti.com.br\/site\/wp-json\/wp\/v2\/comments?post=3370"}],"version-history":[{"count":3,"href":"https:\/\/borghetti.com.br\/site\/wp-json\/wp\/v2\/pages\/3370\/revisions"}],"predecessor-version":[{"id":3373,"href":"https:\/\/borghetti.com.br\/site\/wp-json\/wp\/v2\/pages\/3370\/revisions\/3373"}],"up":[{"embeddable":true,"href":"https:\/\/borghetti.com.br\/site\/wp-json\/wp\/v2\/pages\/3333"}],"wp:attachment":[{"href":"https:\/\/borghetti.com.br\/site\/wp-json\/wp\/v2\/media?parent=3370"}],"curies":[{"name":"wp","href":"https:\/\/api.w.org\/{rel}","templated":true}]}}