{"id":3237,"date":"2022-07-18T11:58:43","date_gmt":"2022-07-18T14:58:43","guid":{"rendered":"https:\/\/borghetti.com.br\/site\/?page_id=3237"},"modified":"2022-07-18T12:01:04","modified_gmt":"2022-07-18T15:01:04","slug":"fachadas","status":"publish","type":"page","link":"https:\/\/borghetti.com.br\/site\/obras\/pinturas\/outras-series\/fachadas\/","title":{"rendered":"Fachadas"},"content":{"rendered":"\t\t<div data-elementor-type=\"wp-page\" data-elementor-id=\"3237\" class=\"elementor elementor-3237\" data-elementor-settings=\"[]\">\n\t\t\t\t\t\t<div class=\"elementor-inner\">\n\t\t\t\t\t\t\t<div class=\"elementor-section-wrap\">\n\t\t\t\t\t\t\t<section class=\"elementor-section elementor-top-section elementor-element elementor-element-5265fbe9 elementor-section-full_width elementor-section-height-default elementor-section-height-default\" data-id=\"5265fbe9\" data-element_type=\"section\" data-settings=\"{&quot;background_background&quot;:&quot;classic&quot;}\">\n\t\t\t\t\t\t<div class=\"elementor-container elementor-column-gap-default\">\n\t\t\t\t\t\t\t<div class=\"elementor-row\">\n\t\t\t\t\t<div class=\"elementor-column elementor-col-100 elementor-top-column elementor-element elementor-element-5cbd0918\" data-id=\"5cbd0918\" data-element_type=\"column\">\n\t\t\t<div class=\"elementor-column-wrap elementor-element-populated\">\n\t\t\t\t\t\t\t<div class=\"elementor-widget-wrap\">\n\t\t\t\t\t\t<div class=\"elementor-element elementor-element-42ad8f66 elementor-widget elementor-widget-heading\" data-id=\"42ad8f66\" data-element_type=\"widget\" data-widget_type=\"heading.default\">\n\t\t\t\t<div class=\"elementor-widget-container\">\n\t\t\t<h2 class=\"elementor-heading-title elementor-size-default\">Fachadas<\/h2>\t\t<\/div>\n\t\t\t\t<\/div>\n\t\t\t\t\t\t<\/div>\n\t\t\t\t\t<\/div>\n\t\t<\/div>\n\t\t\t\t\t\t\t\t<\/div>\n\t\t\t\t\t<\/div>\n\t\t<\/section>\n\t\t\t\t<section class=\"elementor-section elementor-top-section elementor-element elementor-element-283bb36 elementor-section-boxed elementor-section-height-default elementor-section-height-default\" data-id=\"283bb36\" data-element_type=\"section\">\n\t\t\t\t\t\t<div class=\"elementor-container elementor-column-gap-default\">\n\t\t\t\t\t\t\t<div class=\"elementor-row\">\n\t\t\t\t\t<div class=\"elementor-column elementor-col-100 elementor-top-column elementor-element elementor-element-f224231\" data-id=\"f224231\" data-element_type=\"column\">\n\t\t\t<div class=\"elementor-column-wrap elementor-element-populated\">\n\t\t\t\t\t\t\t<div class=\"elementor-widget-wrap\">\n\t\t\t\t\t\t<div class=\"elementor-element elementor-element-332bcbd elementor-widget elementor-widget-spacer\" data-id=\"332bcbd\" data-element_type=\"widget\" data-widget_type=\"spacer.default\">\n\t\t\t\t<div class=\"elementor-widget-container\">\n\t\t\t\t\t<div class=\"elementor-spacer\">\n\t\t\t<div class=\"elementor-spacer-inner\"><\/div>\n\t\t<\/div>\n\t\t\t\t<\/div>\n\t\t\t\t<\/div>\n\t\t\t\t\t\t<\/div>\n\t\t\t\t\t<\/div>\n\t\t<\/div>\n\t\t\t\t\t\t\t\t<\/div>\n\t\t\t\t\t<\/div>\n\t\t<\/section>\n\t\t\t\t<section class=\"elementor-section elementor-top-section elementor-element elementor-element-cfc292f elementor-section-boxed elementor-section-height-default elementor-section-height-default\" data-id=\"cfc292f\" data-element_type=\"section\">\n\t\t\t\t\t\t<div class=\"elementor-container elementor-column-gap-default\">\n\t\t\t\t\t\t\t<div class=\"elementor-row\">\n\t\t\t\t\t<div class=\"elementor-column elementor-col-100 elementor-top-column elementor-element elementor-element-df9b47b\" data-id=\"df9b47b\" data-element_type=\"column\">\n\t\t\t<div class=\"elementor-column-wrap elementor-element-populated\">\n\t\t\t\t\t\t\t<div class=\"elementor-widget-wrap\">\n\t\t\t\t\t\t<div class=\"elementor-element elementor-element-41f562a elementor-widget elementor-widget-modula_elementor_gallery\" data-id=\"41f562a\" data-element_type=\"widget\" data-widget_type=\"modula_elementor_gallery.default\">\n\t\t\t\t<div class=\"elementor-widget-container\">\n\t\t\t<div  id=\"jtg-3109\" class=\"modula modula-gallery modula-creative-gallery\" data-config=\"{&quot;height&quot;:800,&quot;tabletHeight&quot;:800,&quot;mobileHeight&quot;:800,&quot;desktopHeight&quot;:800,&quot;enableTwitter&quot;:false,&quot;enableWhatsapp&quot;:false,&quot;enableFacebook&quot;:false,&quot;enablePinterest&quot;:false,&quot;enableLinkedin&quot;:false,&quot;enableEmail&quot;:false,&quot;randomFactor&quot;:0.5,&quot;type&quot;:&quot;creative-gallery&quot;,&quot;columns&quot;:12,&quot;gutter&quot;:10,&quot;mobileGutter&quot;:10,&quot;tabletGutter&quot;:10,&quot;desktopGutter&quot;:10,&quot;enableResponsive&quot;:&quot;0&quot;,&quot;tabletColumns&quot;:&quot;2&quot;,&quot;mobileColumns&quot;:&quot;1&quot;,&quot;lazyLoad&quot;:0,&quot;lightboxOpts&quot;:{&quot;animated&quot;:true,&quot;Thumbs&quot;:{&quot;type&quot;:&quot;modern&quot;,&quot;showOnStart&quot;:false},&quot;Toolbar&quot;:{&quot;display&quot;:{&quot;right&quot;:[&quot;close&quot;]},&quot;enabled&quot;:true},&quot;Carousel&quot;:{&quot;Panzoom&quot;:{&quot;touch&quot;:true},&quot;infinite&quot;:false},&quot;keyboard&quot;:{&quot;Escape&quot;:&quot;close&quot;,&quot;Delete&quot;:&quot;close&quot;,&quot;Backspace&quot;:&quot;close&quot;,&quot;PageUp&quot;:false,&quot;PageDown&quot;:false,&quot;ArrowUp&quot;:false,&quot;ArrowDown&quot;:false,&quot;ArrowRight&quot;:false,&quot;ArrowLeft&quot;:false},&quot;touch&quot;:false,&quot;backdropClick&quot;:false,&quot;l10n&quot;:{&quot;CLOSE&quot;:&quot;Fechar&quot;,&quot;NEXT&quot;:&quot;Pr\\u00f3ximo&quot;,&quot;PREV&quot;:&quot;Anterior&quot;,&quot;Error&quot;:&quot;N\\u00e3o foi poss\\u00edvel carregar o conte\\u00fado solicitado. Tente novamente mais tarde.&quot;,&quot;PLAY_START&quot;:&quot;Iniciar apresenta\\u00e7\\u00e3o de slides&quot;,&quot;PLAY_STOP&quot;:&quot;Pausar apresenta\\u00e7\\u00e3o de slides&quot;,&quot;FULL_SCREEN&quot;:&quot;Tela cheia&quot;,&quot;THUMBS&quot;:&quot;Miniaturas&quot;,&quot;DOWNLOAD&quot;:&quot;Baixar&quot;,&quot;SHARE&quot;:&quot;Compartilhar&quot;,&quot;ZOOM&quot;:&quot;Ampliar&quot;,&quot;EMAIL&quot;:&quot;Here is the link to the image : %%image_link%% and this is the link to the gallery : %%gallery_link%%&quot;,&quot;MODAL&quot;:&quot;Voc\\u00ea pode dispensar este conte\\u00fado com a tecla ESC&quot;,&quot;ERROR&quot;:&quot;Algo deu errado, tente novamente mais tarde&quot;,&quot;IMAGE_ERROR&quot;:&quot;Imagem n\\u00e3o encontrada&quot;,&quot;ELEMENT_NOT_FOUND&quot;:&quot;Elemento HTML n\\u00e3o encontrado&quot;,&quot;AJAX_NOT_FOUND&quot;:&quot;Erro ao carregar AJAX: N\\u00e3o encontrado&quot;,&quot;AJAX_FORBIDDEN&quot;:&quot;Erro ao carregar AJAX: N\\u00e3o autorizado&quot;,&quot;IFRAME_ERROR&quot;:&quot;Erro ao carregar a p\\u00e1gina&quot;,&quot;TOGGLE_ZOOM&quot;:&quot;Alternar n\\u00edvel de zoom&quot;,&quot;TOGGLE_THUMBS&quot;:&quot;Alternar miniaturas&quot;,&quot;TOGGLE_SLIDESHOW&quot;:&quot;Alternar exibi\\u00e7\\u00e3o de slides&quot;,&quot;TOGGLE_FULLSCREEN&quot;:&quot;Alternar modo de tela cheia&quot;},&quot;Images&quot;:{&quot;Panzoom&quot;:{&quot;maxScale&quot;:2}},&quot;mainClass&quot;:&quot;modula-fancybox-container modula-lightbox-jtg-3109&quot;,&quot;Html&quot;:{&quot;videoAutoplay&quot;:0,&quot;videoTpl&quot;:&quot;&lt;video class=\\&quot;fancybox__html5video\\&quot; controls muted playsinline controlsList controlsList=\\&quot;nodownload\\&quot; poster=\\&quot;{{poster}}\\&quot; src=\\&quot;{{src}}\\&quot; type=\\&quot;{{format}}\\&quot; &gt;  Sorry, your browser doesn&#039;t support embedded videos, &lt;a href=\\&quot;{{src}}\\&quot;&gt; download &lt;\\\/a&gt; and watch with your favorite video player! &lt;\\\/video&gt;&quot;}},&quot;inView&quot;:false,&quot;email_subject&quot;:&quot;Check out this awesome image !!&quot;,&quot;email_message&quot;:&quot;Here is the link to the image : %%image_link%% and this is the link to the gallery : %%gallery_link%%&quot;,&quot;lightbox&quot;:&quot;fancybox&quot;}\">\n\n\t\n\t<div  class=\"modula-items\">\n\t\t<div class=\"modula-item effect-pufrobo\" >\n\t<div class=\"modula-item-overlay\"><\/div>\n\n\t<div class=\"modula-item-content\">\n\n\t\t<a data-image-id=\"4714\" role=\"button\" data-elementor-open-lightbox=\"no\" tabindex=\"0\" rel=\"jtg-3109\" data-caption=\"sem t\u00edtulo, 1993 - mista sobre papel - 55x75cm da s\u00e9rie Fachadas - FCHD01004\" aria-label=\"Abrir imagem no lightbox\" class=\"tile-inner modula-item-link\"><\/a><img loading=\"lazy\" decoding=\"async\" class=\"pic wp-image-4714\"  data-valign=\"middle\" data-halign=\"center\" alt=\"\" data-full=\"https:\/\/borghetti.com.br\/site\/wp-content\/uploads\/FCHD01004-55x75-1.jpeg\" title=\"sem t\u00edtulo, 1993 - mista sobre papel - 55x75cm da s\u00e9rie Fachadas - FCHD01004\" crop=\"\" width=\"640\" height=\"480\" src=\"https:\/\/borghetti.com.br\/site\/wp-content\/uploads\/FCHD01004-55x75-1-1024x768.jpeg\" data-src=\"https:\/\/borghetti.com.br\/site\/wp-content\/uploads\/FCHD01004-55x75-1-1024x768.jpeg\" data-caption=\"sem t\u00edtulo, 1993 - mista sobre papel - 55x75cm da s\u00e9rie Fachadas - FCHD01004\" srcset=\"https:\/\/borghetti.com.br\/site\/wp-content\/uploads\/FCHD01004-55x75-1.jpeg 1500w, https:\/\/borghetti.com.br\/site\/wp-content\/uploads\/FCHD01004-55x75-1-300x225.jpeg 300w, https:\/\/borghetti.com.br\/site\/wp-content\/uploads\/FCHD01004-55x75-1-1024x768.jpeg 1024w, https:\/\/borghetti.com.br\/site\/wp-content\/uploads\/FCHD01004-55x75-1-768x576.jpeg 768w, https:\/\/borghetti.com.br\/site\/wp-content\/uploads\/FCHD01004-55x75-1-640x480.jpeg 640w\" sizes=\"auto, (max-width: 640px) 100vw, 640px\" \/>\n\t\t<div class=\"figc\">\n\t\t\t<div class=\"figc-inner\">\n\t\t\t\t\t\t\t\t\t\t\t\t\t\t\t<\/div>\n\t\t<\/div>\n\n\t<\/div>\n\n<\/div><div class=\"modula-item effect-pufrobo\" >\n\t<div class=\"modula-item-overlay\"><\/div>\n\n\t<div class=\"modula-item-content\">\n\n\t\t<a data-image-id=\"4712\" role=\"button\" data-elementor-open-lightbox=\"no\" tabindex=\"0\" rel=\"jtg-3109\" data-caption=\"sem t\u00edtulo, 1993 - aquarela sobre papel - 55x75cm da s\u00e9rie Fachadas - FCHD01003 c\u00f3digo no verso\" aria-label=\"Abrir imagem no lightbox\" class=\"tile-inner modula-item-link\"><\/a><img loading=\"lazy\" decoding=\"async\" class=\"pic wp-image-4712\"  data-valign=\"middle\" data-halign=\"center\" alt=\"\" data-full=\"https:\/\/borghetti.com.br\/site\/wp-content\/uploads\/FCHD01003-55x75-1.jpeg\" title=\"FCHD01003-55x75\" crop=\"\" width=\"640\" height=\"480\" src=\"https:\/\/borghetti.com.br\/site\/wp-content\/uploads\/FCHD01003-55x75-1-1024x768.jpeg\" data-src=\"https:\/\/borghetti.com.br\/site\/wp-content\/uploads\/FCHD01003-55x75-1-1024x768.jpeg\" data-caption=\"sem t\u00edtulo, 1993 - aquarela sobre papel - 55x75cm da s\u00e9rie Fachadas - FCHD01003 c\u00f3digo no verso\" srcset=\"https:\/\/borghetti.com.br\/site\/wp-content\/uploads\/FCHD01003-55x75-1.jpeg 1500w, https:\/\/borghetti.com.br\/site\/wp-content\/uploads\/FCHD01003-55x75-1-300x225.jpeg 300w, https:\/\/borghetti.com.br\/site\/wp-content\/uploads\/FCHD01003-55x75-1-1024x768.jpeg 1024w, https:\/\/borghetti.com.br\/site\/wp-content\/uploads\/FCHD01003-55x75-1-768x576.jpeg 768w, https:\/\/borghetti.com.br\/site\/wp-content\/uploads\/FCHD01003-55x75-1-640x480.jpeg 640w\" sizes=\"auto, (max-width: 640px) 100vw, 640px\" \/>\n\t\t<div class=\"figc\">\n\t\t\t<div class=\"figc-inner\">\n\t\t\t\t\t\t\t\t\t\t\t\t\t\t\t<\/div>\n\t\t<\/div>\n\n\t<\/div>\n\n<\/div><div class=\"modula-item effect-pufrobo\" >\n\t<div class=\"modula-item-overlay\"><\/div>\n\n\t<div class=\"modula-item-content\">\n\n\t\t<a data-image-id=\"4710\" role=\"button\" data-elementor-open-lightbox=\"no\" tabindex=\"0\" rel=\"jtg-3109\" data-caption=\"sem t\u00edtulo, 1993 - mista sobre papel - 55x75cm da s\u00e9rie Fachadas - FCHD01002 c\u00f3digo no verso\" aria-label=\"Abrir imagem no lightbox\" class=\"tile-inner modula-item-link\"><\/a><img loading=\"lazy\" decoding=\"async\" class=\"pic wp-image-4710\"  data-valign=\"middle\" data-halign=\"center\" alt=\"\" data-full=\"https:\/\/borghetti.com.br\/site\/wp-content\/uploads\/FCHD01002-55x75-1.jpeg\" title=\"FCHD01002-55x75\" crop=\"\" width=\"640\" height=\"480\" src=\"https:\/\/borghetti.com.br\/site\/wp-content\/uploads\/FCHD01002-55x75-1-1024x768.jpeg\" data-src=\"https:\/\/borghetti.com.br\/site\/wp-content\/uploads\/FCHD01002-55x75-1-1024x768.jpeg\" data-caption=\"sem t\u00edtulo, 1993 - mista sobre papel - 55x75cm da s\u00e9rie Fachadas - FCHD01002 c\u00f3digo no verso\" srcset=\"https:\/\/borghetti.com.br\/site\/wp-content\/uploads\/FCHD01002-55x75-1.jpeg 1500w, https:\/\/borghetti.com.br\/site\/wp-content\/uploads\/FCHD01002-55x75-1-300x225.jpeg 300w, https:\/\/borghetti.com.br\/site\/wp-content\/uploads\/FCHD01002-55x75-1-1024x768.jpeg 1024w, https:\/\/borghetti.com.br\/site\/wp-content\/uploads\/FCHD01002-55x75-1-768x576.jpeg 768w, https:\/\/borghetti.com.br\/site\/wp-content\/uploads\/FCHD01002-55x75-1-640x480.jpeg 640w\" sizes=\"auto, (max-width: 640px) 100vw, 640px\" \/>\n\t\t<div class=\"figc\">\n\t\t\t<div class=\"figc-inner\">\n\t\t\t\t\t\t\t\t\t\t\t\t\t\t\t<\/div>\n\t\t<\/div>\n\n\t<\/div>\n\n<\/div><div class=\"modula-item effect-pufrobo\" >\n\t<div class=\"modula-item-overlay\"><\/div>\n\n\t<div class=\"modula-item-content\">\n\n\t\t<a data-image-id=\"4708\" role=\"button\" data-elementor-open-lightbox=\"no\" tabindex=\"0\" rel=\"jtg-3109\" data-caption=\"sem t\u00edtulo, 1993 - aquarela sobre papel - 55x75cm da s\u00e9rie Fachadas - FCHD01001 c\u00f3digo no verso\" aria-label=\"Abrir imagem no lightbox\" class=\"tile-inner modula-item-link\"><\/a><img loading=\"lazy\" decoding=\"async\" class=\"pic wp-image-4708\"  data-valign=\"middle\" data-halign=\"center\" alt=\"\" data-full=\"https:\/\/borghetti.com.br\/site\/wp-content\/uploads\/FCHD01001-55x75-1.jpeg\" title=\"FCHD01001-55x75\" crop=\"\" width=\"640\" height=\"480\" src=\"https:\/\/borghetti.com.br\/site\/wp-content\/uploads\/FCHD01001-55x75-1-1024x768.jpeg\" data-src=\"https:\/\/borghetti.com.br\/site\/wp-content\/uploads\/FCHD01001-55x75-1-1024x768.jpeg\" data-caption=\"sem t\u00edtulo, 1993 - aquarela sobre papel - 55x75cm da s\u00e9rie Fachadas - FCHD01001 c\u00f3digo no verso\" srcset=\"https:\/\/borghetti.com.br\/site\/wp-content\/uploads\/FCHD01001-55x75-1.jpeg 1500w, https:\/\/borghetti.com.br\/site\/wp-content\/uploads\/FCHD01001-55x75-1-300x225.jpeg 300w, https:\/\/borghetti.com.br\/site\/wp-content\/uploads\/FCHD01001-55x75-1-1024x768.jpeg 1024w, https:\/\/borghetti.com.br\/site\/wp-content\/uploads\/FCHD01001-55x75-1-768x576.jpeg 768w, https:\/\/borghetti.com.br\/site\/wp-content\/uploads\/FCHD01001-55x75-1-640x480.jpeg 640w\" sizes=\"auto, (max-width: 640px) 100vw, 640px\" \/>\n\t\t<div class=\"figc\">\n\t\t\t<div class=\"figc-inner\">\n\t\t\t\t\t\t\t\t\t\t\t\t\t\t\t<\/div>\n\t\t<\/div>\n\n\t<\/div>\n\n<\/div><div class=\"modula-item effect-pufrobo\" >\n\t<div class=\"modula-item-overlay\"><\/div>\n\n\t<div class=\"modula-item-content\">\n\n\t\t<a data-image-id=\"4706\" role=\"button\" data-elementor-open-lightbox=\"no\" tabindex=\"0\" rel=\"jtg-3109\" data-caption=\"sem t\u00edtulo, 1992 - mista sobre papel - 55x75cm da s\u00e9rie Fachadas - FCHD01000 c\u00f3digo no verso\" aria-label=\"Abrir imagem no lightbox\" class=\"tile-inner modula-item-link\"><\/a><img loading=\"lazy\" decoding=\"async\" class=\"pic wp-image-4706\"  data-valign=\"middle\" data-halign=\"center\" alt=\"\" data-full=\"https:\/\/borghetti.com.br\/site\/wp-content\/uploads\/FCHD01000-55x75-1.jpeg\" title=\"FCHD01000-55x75\" crop=\"\" width=\"640\" height=\"480\" src=\"https:\/\/borghetti.com.br\/site\/wp-content\/uploads\/FCHD01000-55x75-1-1024x768.jpeg\" data-src=\"https:\/\/borghetti.com.br\/site\/wp-content\/uploads\/FCHD01000-55x75-1-1024x768.jpeg\" data-caption=\"sem t\u00edtulo, 1992 - mista sobre papel - 55x75cm da s\u00e9rie Fachadas - FCHD01000 c\u00f3digo no verso\" srcset=\"https:\/\/borghetti.com.br\/site\/wp-content\/uploads\/FCHD01000-55x75-1.jpeg 1500w, https:\/\/borghetti.com.br\/site\/wp-content\/uploads\/FCHD01000-55x75-1-300x225.jpeg 300w, https:\/\/borghetti.com.br\/site\/wp-content\/uploads\/FCHD01000-55x75-1-1024x768.jpeg 1024w, https:\/\/borghetti.com.br\/site\/wp-content\/uploads\/FCHD01000-55x75-1-768x576.jpeg 768w, https:\/\/borghetti.com.br\/site\/wp-content\/uploads\/FCHD01000-55x75-1-640x480.jpeg 640w\" sizes=\"auto, (max-width: 640px) 100vw, 640px\" \/>\n\t\t<div class=\"figc\">\n\t\t\t<div class=\"figc-inner\">\n\t\t\t\t\t\t\t\t\t\t\t\t\t\t\t<\/div>\n\t\t<\/div>\n\n\t<\/div>\n\n<\/div><div class=\"modula-item effect-pufrobo\" >\n\t<div class=\"modula-item-overlay\"><\/div>\n\n\t<div class=\"modula-item-content\">\n\n\t\t<a data-image-id=\"4704\" role=\"button\" data-elementor-open-lightbox=\"no\" tabindex=\"0\" rel=\"jtg-3109\" data-caption=\"sem t\u00edtulo, 1994 - acr\u00edlica sobre tela - 60x80cm da s\u00e9rie Fachadas - FCHD00002 c\u00f3digo no verso\" aria-label=\"Abrir imagem no lightbox\" class=\"tile-inner modula-item-link\"><\/a><img loading=\"lazy\" decoding=\"async\" class=\"pic wp-image-4704\"  data-valign=\"middle\" data-halign=\"center\" alt=\"\" data-full=\"https:\/\/borghetti.com.br\/site\/wp-content\/uploads\/FCHD00002-60x80-1.jpeg\" title=\"FCHD00002-60x80\" crop=\"\" width=\"640\" height=\"480\" src=\"https:\/\/borghetti.com.br\/site\/wp-content\/uploads\/FCHD00002-60x80-1-1024x768.jpeg\" data-src=\"https:\/\/borghetti.com.br\/site\/wp-content\/uploads\/FCHD00002-60x80-1-1024x768.jpeg\" data-caption=\"sem t\u00edtulo, 1994 - acr\u00edlica sobre tela - 60x80cm da s\u00e9rie Fachadas - FCHD00002 c\u00f3digo no verso\" srcset=\"https:\/\/borghetti.com.br\/site\/wp-content\/uploads\/FCHD00002-60x80-1.jpeg 1500w, https:\/\/borghetti.com.br\/site\/wp-content\/uploads\/FCHD00002-60x80-1-300x225.jpeg 300w, https:\/\/borghetti.com.br\/site\/wp-content\/uploads\/FCHD00002-60x80-1-1024x768.jpeg 1024w, https:\/\/borghetti.com.br\/site\/wp-content\/uploads\/FCHD00002-60x80-1-768x576.jpeg 768w, https:\/\/borghetti.com.br\/site\/wp-content\/uploads\/FCHD00002-60x80-1-640x480.jpeg 640w\" sizes=\"auto, (max-width: 640px) 100vw, 640px\" \/>\n\t\t<div class=\"figc\">\n\t\t\t<div class=\"figc-inner\">\n\t\t\t\t\t\t\t\t\t\t\t\t\t\t\t<\/div>\n\t\t<\/div>\n\n\t<\/div>\n\n<\/div><div class=\"modula-item effect-pufrobo\" >\n\t<div class=\"modula-item-overlay\"><\/div>\n\n\t<div class=\"modula-item-content\">\n\n\t\t<a data-image-id=\"4702\" role=\"button\" data-elementor-open-lightbox=\"no\" tabindex=\"0\" rel=\"jtg-3109\" data-caption=\"sem t\u00edtulo, 1994 - acr\u00edlica sobre tela - 60x80cm da s\u00e9rie Fachadas - FCHD00001 c\u00f3digo no verso\" aria-label=\"Abrir imagem no lightbox\" class=\"tile-inner modula-item-link\"><\/a><img loading=\"lazy\" decoding=\"async\" class=\"pic wp-image-4702\"  data-valign=\"middle\" data-halign=\"center\" alt=\"\" data-full=\"https:\/\/borghetti.com.br\/site\/wp-content\/uploads\/FCHD00001-60x80-1.jpeg\" title=\"FCHD00001-60x80\" crop=\"\" width=\"640\" height=\"480\" src=\"https:\/\/borghetti.com.br\/site\/wp-content\/uploads\/FCHD00001-60x80-1-1024x768.jpeg\" data-src=\"https:\/\/borghetti.com.br\/site\/wp-content\/uploads\/FCHD00001-60x80-1-1024x768.jpeg\" data-caption=\"sem t\u00edtulo, 1994 - acr\u00edlica sobre tela - 60x80cm da s\u00e9rie Fachadas - FCHD00001 c\u00f3digo no verso\" srcset=\"https:\/\/borghetti.com.br\/site\/wp-content\/uploads\/FCHD00001-60x80-1.jpeg 1500w, https:\/\/borghetti.com.br\/site\/wp-content\/uploads\/FCHD00001-60x80-1-300x225.jpeg 300w, https:\/\/borghetti.com.br\/site\/wp-content\/uploads\/FCHD00001-60x80-1-1024x768.jpeg 1024w, https:\/\/borghetti.com.br\/site\/wp-content\/uploads\/FCHD00001-60x80-1-768x576.jpeg 768w, https:\/\/borghetti.com.br\/site\/wp-content\/uploads\/FCHD00001-60x80-1-640x480.jpeg 640w\" sizes=\"auto, (max-width: 640px) 100vw, 640px\" \/>\n\t\t<div class=\"figc\">\n\t\t\t<div class=\"figc-inner\">\n\t\t\t\t\t\t\t\t\t\t\t\t\t\t\t<\/div>\n\t\t<\/div>\n\n\t<\/div>\n\n<\/div>\t\t\n\t<\/div>\n\n\t\n\t\n\t<script type=\"application\/ld+json\">\n\t{\n\t\t\"@context\": \"https:\/\/schema.org\",\n\t\t\"@type\"   : \"ImageGallery\",\n\t\t\"id\"      : \"https:\/\/borghetti.com.br\/site\/obras\/pinturas\/outras-series\/fachadas\/#modula-gallery-3109\",\n\t\t\"url\"     : \"https:\/\/borghetti.com.br\/site\/obras\/pinturas\/outras-series\/fachadas\/\"\n\t}\n\n\t<\/script>\n\n\t\n<\/div>\n\t\t<\/div>\n\t\t\t\t<\/div>\n\t\t\t\t\t\t<\/div>\n\t\t\t\t\t<\/div>\n\t\t<\/div>\n\t\t\t\t\t\t\t\t<\/div>\n\t\t\t\t\t<\/div>\n\t\t<\/section>\n\t\t\t\t<section class=\"elementor-section elementor-top-section elementor-element elementor-element-6a4c4636 elementor-section-boxed elementor-section-height-default elementor-section-height-default\" data-id=\"6a4c4636\" data-element_type=\"section\">\n\t\t\t\t\t\t<div class=\"elementor-container elementor-column-gap-default\">\n\t\t\t\t\t\t\t<div class=\"elementor-row\">\n\t\t\t\t\t<div class=\"elementor-column elementor-col-100 elementor-top-column elementor-element elementor-element-d99159d\" data-id=\"d99159d\" data-element_type=\"column\">\n\t\t\t<div class=\"elementor-column-wrap elementor-element-populated\">\n\t\t\t\t\t\t\t<div class=\"elementor-widget-wrap\">\n\t\t\t\t\t\t<div class=\"elementor-element elementor-element-4e7fea6 elementor-align-center elementor-widget elementor-widget-button\" data-id=\"4e7fea6\" data-element_type=\"widget\" data-widget_type=\"button.default\">\n\t\t\t\t<div class=\"elementor-widget-container\">\n\t\t\t\t\t<div class=\"elementor-button-wrapper\">\n\t\t\t<a href=\"https:\/\/borghetti.com.br\/site\/obras\/pinturas\/outras-series\/\" class=\"elementor-button-link elementor-button elementor-size-sm elementor-animation-grow\" role=\"button\">\n\t\t\t\t\t\t<span class=\"elementor-button-content-wrapper\">\n\t\t\t\t\t\t<span class=\"elementor-button-text\">Voltar<\/span>\n\t\t<\/span>\n\t\t\t\t\t<\/a>\n\t\t<\/div>\n\t\t\t\t<\/div>\n\t\t\t\t<\/div>\n\t\t\t\t\t\t<\/div>\n\t\t\t\t\t<\/div>\n\t\t<\/div>\n\t\t\t\t\t\t\t\t<\/div>\n\t\t\t\t\t<\/div>\n\t\t<\/section>\n\t\t\t\t<section class=\"elementor-section elementor-top-section elementor-element elementor-element-2c22822 elementor-section-boxed elementor-section-height-default elementor-section-height-default\" data-id=\"2c22822\" data-element_type=\"section\">\n\t\t\t\t\t\t<div class=\"elementor-container elementor-column-gap-default\">\n\t\t\t\t\t\t\t<div class=\"elementor-row\">\n\t\t\t\t\t<div class=\"elementor-column elementor-col-100 elementor-top-column elementor-element elementor-element-30f4902\" data-id=\"30f4902\" data-element_type=\"column\">\n\t\t\t<div class=\"elementor-column-wrap elementor-element-populated\">\n\t\t\t\t\t\t\t<div class=\"elementor-widget-wrap\">\n\t\t\t\t\t\t<div class=\"elementor-element elementor-element-01f9c23 elementor-widget elementor-widget-spacer\" data-id=\"01f9c23\" data-element_type=\"widget\" data-widget_type=\"spacer.default\">\n\t\t\t\t<div class=\"elementor-widget-container\">\n\t\t\t\t\t<div class=\"elementor-spacer\">\n\t\t\t<div class=\"elementor-spacer-inner\"><\/div>\n\t\t<\/div>\n\t\t\t\t<\/div>\n\t\t\t\t<\/div>\n\t\t\t\t\t\t<\/div>\n\t\t\t\t\t<\/div>\n\t\t<\/div>\n\t\t\t\t\t\t\t\t<\/div>\n\t\t\t\t\t<\/div>\n\t\t<\/section>\n\t\t\t\t\t\t<\/div>\n\t\t\t\t\t\t<\/div>\n\t\t\t\t\t<\/div>\n\t\t","protected":false},"excerpt":{"rendered":"<p>Fachadas Voltar<\/p>\n","protected":false},"author":1,"featured_media":0,"parent":3186,"menu_order":9,"comment_status":"closed","ping_status":"closed","template":"elementor_header_footer","meta":{"footnotes":""},"class_list":["post-3237","page","type-page","status-publish","hentry"],"_links":{"self":[{"href":"https:\/\/borghetti.com.br\/site\/wp-json\/wp\/v2\/pages\/3237","targetHints":{"allow":["GET"]}}],"collection":[{"href":"https:\/\/borghetti.com.br\/site\/wp-json\/wp\/v2\/pages"}],"about":[{"href":"https:\/\/borghetti.com.br\/site\/wp-json\/wp\/v2\/types\/page"}],"author":[{"embeddable":true,"href":"https:\/\/borghetti.com.br\/site\/wp-json\/wp\/v2\/users\/1"}],"replies":[{"embeddable":true,"href":"https:\/\/borghetti.com.br\/site\/wp-json\/wp\/v2\/comments?post=3237"}],"version-history":[{"count":4,"href":"https:\/\/borghetti.com.br\/site\/wp-json\/wp\/v2\/pages\/3237\/revisions"}],"predecessor-version":[{"id":3241,"href":"https:\/\/borghetti.com.br\/site\/wp-json\/wp\/v2\/pages\/3237\/revisions\/3241"}],"up":[{"embeddable":true,"href":"https:\/\/borghetti.com.br\/site\/wp-json\/wp\/v2\/pages\/3186"}],"wp:attachment":[{"href":"https:\/\/borghetti.com.br\/site\/wp-json\/wp\/v2\/media?parent=3237"}],"curies":[{"name":"wp","href":"https:\/\/api.w.org\/{rel}","templated":true}]}}