{"id":3216,"date":"2022-07-18T11:38:23","date_gmt":"2022-07-18T14:38:23","guid":{"rendered":"https:\/\/borghetti.com.br\/site\/?page_id=3216"},"modified":"2022-07-18T11:40:14","modified_gmt":"2022-07-18T14:40:14","slug":"mar-de-todos-os-naufragios","status":"publish","type":"page","link":"https:\/\/borghetti.com.br\/site\/obras\/pinturas\/outras-series\/mar-de-todos-os-naufragios\/","title":{"rendered":"Mar de todos os naufr\u00e1gios"},"content":{"rendered":"\t\t<div data-elementor-type=\"wp-page\" data-elementor-id=\"3216\" class=\"elementor elementor-3216\" data-elementor-settings=\"[]\">\n\t\t\t\t\t\t<div class=\"elementor-inner\">\n\t\t\t\t\t\t\t<div class=\"elementor-section-wrap\">\n\t\t\t\t\t\t\t<section class=\"elementor-section elementor-top-section elementor-element elementor-element-47153c00 elementor-section-full_width elementor-section-height-default elementor-section-height-default\" data-id=\"47153c00\" data-element_type=\"section\" data-settings=\"{&quot;background_background&quot;:&quot;classic&quot;}\">\n\t\t\t\t\t\t<div class=\"elementor-container elementor-column-gap-default\">\n\t\t\t\t\t\t\t<div class=\"elementor-row\">\n\t\t\t\t\t<div class=\"elementor-column elementor-col-100 elementor-top-column elementor-element elementor-element-50336994\" data-id=\"50336994\" data-element_type=\"column\">\n\t\t\t<div class=\"elementor-column-wrap elementor-element-populated\">\n\t\t\t\t\t\t\t<div class=\"elementor-widget-wrap\">\n\t\t\t\t\t\t<div class=\"elementor-element elementor-element-4d622cfe elementor-widget elementor-widget-heading\" data-id=\"4d622cfe\" data-element_type=\"widget\" data-widget_type=\"heading.default\">\n\t\t\t\t<div class=\"elementor-widget-container\">\n\t\t\t<h2 class=\"elementor-heading-title elementor-size-default\">Mar de todos os naufr\u00e1gios<\/h2>\t\t<\/div>\n\t\t\t\t<\/div>\n\t\t\t\t\t\t<\/div>\n\t\t\t\t\t<\/div>\n\t\t<\/div>\n\t\t\t\t\t\t\t\t<\/div>\n\t\t\t\t\t<\/div>\n\t\t<\/section>\n\t\t\t\t<section class=\"elementor-section elementor-top-section elementor-element elementor-element-a07b3cf elementor-section-boxed elementor-section-height-default elementor-section-height-default\" data-id=\"a07b3cf\" data-element_type=\"section\">\n\t\t\t\t\t\t<div class=\"elementor-container elementor-column-gap-default\">\n\t\t\t\t\t\t\t<div class=\"elementor-row\">\n\t\t\t\t\t<div class=\"elementor-column elementor-col-100 elementor-top-column elementor-element elementor-element-69d5831\" data-id=\"69d5831\" data-element_type=\"column\">\n\t\t\t<div class=\"elementor-column-wrap elementor-element-populated\">\n\t\t\t\t\t\t\t<div class=\"elementor-widget-wrap\">\n\t\t\t\t\t\t<div class=\"elementor-element elementor-element-fd2fa06 elementor-widget elementor-widget-spacer\" data-id=\"fd2fa06\" data-element_type=\"widget\" data-widget_type=\"spacer.default\">\n\t\t\t\t<div class=\"elementor-widget-container\">\n\t\t\t\t\t<div class=\"elementor-spacer\">\n\t\t\t<div class=\"elementor-spacer-inner\"><\/div>\n\t\t<\/div>\n\t\t\t\t<\/div>\n\t\t\t\t<\/div>\n\t\t\t\t\t\t<\/div>\n\t\t\t\t\t<\/div>\n\t\t<\/div>\n\t\t\t\t\t\t\t\t<\/div>\n\t\t\t\t\t<\/div>\n\t\t<\/section>\n\t\t\t\t<section class=\"elementor-section elementor-top-section elementor-element elementor-element-1ea8a10 elementor-section-boxed elementor-section-height-default elementor-section-height-default\" data-id=\"1ea8a10\" data-element_type=\"section\">\n\t\t\t\t\t\t<div class=\"elementor-container elementor-column-gap-default\">\n\t\t\t\t\t\t\t<div class=\"elementor-row\">\n\t\t\t\t\t<div class=\"elementor-column elementor-col-100 elementor-top-column elementor-element elementor-element-7e34fee\" data-id=\"7e34fee\" data-element_type=\"column\">\n\t\t\t<div class=\"elementor-column-wrap elementor-element-populated\">\n\t\t\t\t\t\t\t<div class=\"elementor-widget-wrap\">\n\t\t\t\t\t\t<div class=\"elementor-element elementor-element-f80be53 elementor-widget elementor-widget-modula_elementor_gallery\" data-id=\"f80be53\" data-element_type=\"widget\" data-widget_type=\"modula_elementor_gallery.default\">\n\t\t\t\t<div class=\"elementor-widget-container\">\n\t\t\t<div  id=\"jtg-3103\" class=\"modula modula-gallery modula-creative-gallery\" data-config=\"{&quot;height&quot;:800,&quot;tabletHeight&quot;:800,&quot;mobileHeight&quot;:800,&quot;desktopHeight&quot;:800,&quot;enableTwitter&quot;:false,&quot;enableWhatsapp&quot;:false,&quot;enableFacebook&quot;:false,&quot;enablePinterest&quot;:false,&quot;enableLinkedin&quot;:false,&quot;enableEmail&quot;:false,&quot;randomFactor&quot;:0.5,&quot;type&quot;:&quot;creative-gallery&quot;,&quot;columns&quot;:12,&quot;gutter&quot;:10,&quot;mobileGutter&quot;:10,&quot;tabletGutter&quot;:10,&quot;desktopGutter&quot;:10,&quot;enableResponsive&quot;:&quot;0&quot;,&quot;tabletColumns&quot;:&quot;2&quot;,&quot;mobileColumns&quot;:&quot;1&quot;,&quot;lazyLoad&quot;:0,&quot;lightboxOpts&quot;:{&quot;animated&quot;:true,&quot;Thumbs&quot;:{&quot;type&quot;:&quot;modern&quot;,&quot;showOnStart&quot;:false},&quot;Toolbar&quot;:{&quot;display&quot;:{&quot;right&quot;:[&quot;close&quot;]},&quot;enabled&quot;:true},&quot;Carousel&quot;:{&quot;Panzoom&quot;:{&quot;touch&quot;:true},&quot;infinite&quot;:false},&quot;keyboard&quot;:{&quot;Escape&quot;:&quot;close&quot;,&quot;Delete&quot;:&quot;close&quot;,&quot;Backspace&quot;:&quot;close&quot;,&quot;PageUp&quot;:false,&quot;PageDown&quot;:false,&quot;ArrowUp&quot;:false,&quot;ArrowDown&quot;:false,&quot;ArrowRight&quot;:false,&quot;ArrowLeft&quot;:false},&quot;touch&quot;:false,&quot;backdropClick&quot;:false,&quot;l10n&quot;:{&quot;CLOSE&quot;:&quot;Fechar&quot;,&quot;NEXT&quot;:&quot;Pr\\u00f3ximo&quot;,&quot;PREV&quot;:&quot;Anterior&quot;,&quot;Error&quot;:&quot;N\\u00e3o foi poss\\u00edvel carregar o conte\\u00fado solicitado. Tente novamente mais tarde.&quot;,&quot;PLAY_START&quot;:&quot;Iniciar apresenta\\u00e7\\u00e3o de slides&quot;,&quot;PLAY_STOP&quot;:&quot;Pausar apresenta\\u00e7\\u00e3o de slides&quot;,&quot;FULL_SCREEN&quot;:&quot;Tela cheia&quot;,&quot;THUMBS&quot;:&quot;Miniaturas&quot;,&quot;DOWNLOAD&quot;:&quot;Baixar&quot;,&quot;SHARE&quot;:&quot;Compartilhar&quot;,&quot;ZOOM&quot;:&quot;Ampliar&quot;,&quot;EMAIL&quot;:&quot;Here is the link to the image : %%image_link%% and this is the link to the gallery : %%gallery_link%%&quot;,&quot;MODAL&quot;:&quot;Voc\\u00ea pode dispensar este conte\\u00fado com a tecla ESC&quot;,&quot;ERROR&quot;:&quot;Algo deu errado, tente novamente mais tarde&quot;,&quot;IMAGE_ERROR&quot;:&quot;Imagem n\\u00e3o encontrada&quot;,&quot;ELEMENT_NOT_FOUND&quot;:&quot;Elemento HTML n\\u00e3o encontrado&quot;,&quot;AJAX_NOT_FOUND&quot;:&quot;Erro ao carregar AJAX: N\\u00e3o encontrado&quot;,&quot;AJAX_FORBIDDEN&quot;:&quot;Erro ao carregar AJAX: N\\u00e3o autorizado&quot;,&quot;IFRAME_ERROR&quot;:&quot;Erro ao carregar a p\\u00e1gina&quot;,&quot;TOGGLE_ZOOM&quot;:&quot;Alternar n\\u00edvel de zoom&quot;,&quot;TOGGLE_THUMBS&quot;:&quot;Alternar miniaturas&quot;,&quot;TOGGLE_SLIDESHOW&quot;:&quot;Alternar exibi\\u00e7\\u00e3o de slides&quot;,&quot;TOGGLE_FULLSCREEN&quot;:&quot;Alternar modo de tela cheia&quot;},&quot;Images&quot;:{&quot;Panzoom&quot;:{&quot;maxScale&quot;:2}},&quot;mainClass&quot;:&quot;modula-fancybox-container modula-lightbox-jtg-3103&quot;,&quot;Html&quot;:{&quot;videoAutoplay&quot;:0,&quot;videoTpl&quot;:&quot;&lt;video class=\\&quot;fancybox__html5video\\&quot; controls muted playsinline controlsList controlsList=\\&quot;nodownload\\&quot; poster=\\&quot;{{poster}}\\&quot; src=\\&quot;{{src}}\\&quot; type=\\&quot;{{format}}\\&quot; &gt;  Sorry, your browser doesn&#039;t support embedded videos, &lt;a href=\\&quot;{{src}}\\&quot;&gt; download &lt;\\\/a&gt; and watch with your favorite video player! &lt;\\\/video&gt;&quot;}},&quot;inView&quot;:false,&quot;email_subject&quot;:&quot;Check out this awesome image !!&quot;,&quot;email_message&quot;:&quot;Here is the link to the image : %%image_link%% and this is the link to the gallery : %%gallery_link%%&quot;,&quot;lightbox&quot;:&quot;fancybox&quot;}\">\n\n\t\n\t<div  class=\"modula-items\">\n\t\t<div class=\"modula-item effect-pufrobo\" >\n\t<div class=\"modula-item-overlay\"><\/div>\n\n\t<div class=\"modula-item-content\">\n\n\t\t<a data-image-id=\"4549\" role=\"button\" data-elementor-open-lightbox=\"no\" tabindex=\"0\" rel=\"jtg-3103\" data-caption=\"sem t\u00edtulo - 2003 - acr\u00edlica sobre tela - 100x180cm da s\u00e9rie Mar de todos os naufr\u00e1gios - ACLN00009\/acervo privado\" aria-label=\"Abrir imagem no lightbox\" class=\"tile-inner modula-item-link\"><\/a><img loading=\"lazy\" decoding=\"async\" class=\"pic wp-image-4549\"  data-valign=\"middle\" data-halign=\"center\" alt=\"\" data-full=\"https:\/\/borghetti.com.br\/site\/wp-content\/uploads\/ACLN00009-100x180-1.jpeg\" title=\"ACLN00009-100x180\" crop=\"\" width=\"640\" height=\"513\" src=\"https:\/\/borghetti.com.br\/site\/wp-content\/uploads\/ACLN00009-100x180-1-1024x821.jpeg\" data-src=\"https:\/\/borghetti.com.br\/site\/wp-content\/uploads\/ACLN00009-100x180-1-1024x821.jpeg\" data-caption=\"sem t\u00edtulo - 2003 - acr\u00edlica sobre tela - 100x180cm da s\u00e9rie Mar de todos os naufr\u00e1gios - ACLN00009\/acervo privado\" srcset=\"https:\/\/borghetti.com.br\/site\/wp-content\/uploads\/ACLN00009-100x180-1.jpeg 1500w, https:\/\/borghetti.com.br\/site\/wp-content\/uploads\/ACLN00009-100x180-1-300x240.jpeg 300w, https:\/\/borghetti.com.br\/site\/wp-content\/uploads\/ACLN00009-100x180-1-1024x821.jpeg 1024w, https:\/\/borghetti.com.br\/site\/wp-content\/uploads\/ACLN00009-100x180-1-768x615.jpeg 768w, https:\/\/borghetti.com.br\/site\/wp-content\/uploads\/ACLN00009-100x180-1-640x513.jpeg 640w\" sizes=\"auto, (max-width: 640px) 100vw, 640px\" \/>\n\t\t<div class=\"figc\">\n\t\t\t<div class=\"figc-inner\">\n\t\t\t\t\t\t\t\t\t\t\t\t\t\t\t<\/div>\n\t\t<\/div>\n\n\t<\/div>\n\n<\/div><div class=\"modula-item effect-pufrobo\" >\n\t<div class=\"modula-item-overlay\"><\/div>\n\n\t<div class=\"modula-item-content\">\n\n\t\t<a data-image-id=\"4548\" role=\"button\" data-elementor-open-lightbox=\"no\" tabindex=\"0\" rel=\"jtg-3103\" data-caption=\"sem t\u00edtulo - com moldura - 2002 - Aquarela sobre papel - 50x12cm da s\u00e9rie Mar de todos os naufr\u00e1gios - ACLN00008\/acervo privado\" aria-label=\"Abrir imagem no lightbox\" class=\"tile-inner modula-item-link\"><\/a><img loading=\"lazy\" decoding=\"async\" class=\"pic wp-image-4548\"  data-valign=\"middle\" data-halign=\"center\" alt=\"\" data-full=\"https:\/\/borghetti.com.br\/site\/wp-content\/uploads\/ACLN00008-50x12-1.jpeg\" title=\"ACLN00008-50x12\" crop=\"\" width=\"309\" height=\"1024\" src=\"https:\/\/borghetti.com.br\/site\/wp-content\/uploads\/ACLN00008-50x12-1-309x1024.jpeg\" data-src=\"https:\/\/borghetti.com.br\/site\/wp-content\/uploads\/ACLN00008-50x12-1-309x1024.jpeg\" data-caption=\"sem t\u00edtulo - com moldura - 2002 - Aquarela sobre papel - 50x12cm da s\u00e9rie Mar de todos os naufr\u00e1gios - ACLN00008\/acervo privado\" srcset=\"https:\/\/borghetti.com.br\/site\/wp-content\/uploads\/ACLN00008-50x12-1.jpeg 452w, https:\/\/borghetti.com.br\/site\/wp-content\/uploads\/ACLN00008-50x12-1-309x1024.jpeg 309w\" sizes=\"auto, (max-width: 309px) 100vw, 309px\" \/>\n\t\t<div class=\"figc\">\n\t\t\t<div class=\"figc-inner\">\n\t\t\t\t\t\t\t\t\t\t\t\t\t\t\t<\/div>\n\t\t<\/div>\n\n\t<\/div>\n\n<\/div><div class=\"modula-item effect-pufrobo\" >\n\t<div class=\"modula-item-overlay\"><\/div>\n\n\t<div class=\"modula-item-content\">\n\n\t\t<a data-image-id=\"4547\" role=\"button\" data-elementor-open-lightbox=\"no\" tabindex=\"0\" rel=\"jtg-3103\" data-caption=\"sem t\u00edtulo - com moldura - 2002 - Aquarela sobre papel - 50x12cm da s\u00e9rie Mar de todos os naufr\u00e1gios - ACLN00007\" aria-label=\"Abrir imagem no lightbox\" class=\"tile-inner modula-item-link\"><\/a><img loading=\"lazy\" decoding=\"async\" class=\"pic wp-image-4547\"  data-valign=\"middle\" data-halign=\"center\" alt=\"\" data-full=\"https:\/\/borghetti.com.br\/site\/wp-content\/uploads\/ACLN00007-50x12-1.jpeg\" title=\"ACLN00007-50x12\" crop=\"\" width=\"318\" height=\"1024\" src=\"https:\/\/borghetti.com.br\/site\/wp-content\/uploads\/ACLN00007-50x12-1-318x1024.jpeg\" data-src=\"https:\/\/borghetti.com.br\/site\/wp-content\/uploads\/ACLN00007-50x12-1-318x1024.jpeg\" data-caption=\"sem t\u00edtulo - com moldura - 2002 - Aquarela sobre papel - 50x12cm da s\u00e9rie Mar de todos os naufr\u00e1gios - ACLN00007\" srcset=\"https:\/\/borghetti.com.br\/site\/wp-content\/uploads\/ACLN00007-50x12-1.jpeg 466w, https:\/\/borghetti.com.br\/site\/wp-content\/uploads\/ACLN00007-50x12-1-93x300.jpeg 93w, https:\/\/borghetti.com.br\/site\/wp-content\/uploads\/ACLN00007-50x12-1-318x1024.jpeg 318w\" sizes=\"auto, (max-width: 318px) 100vw, 318px\" \/>\n\t\t<div class=\"figc\">\n\t\t\t<div class=\"figc-inner\">\n\t\t\t\t\t\t\t\t\t\t\t\t\t\t\t<\/div>\n\t\t<\/div>\n\n\t<\/div>\n\n<\/div><div class=\"modula-item effect-pufrobo\" >\n\t<div class=\"modula-item-overlay\"><\/div>\n\n\t<div class=\"modula-item-content\">\n\n\t\t<a data-image-id=\"4546\" role=\"button\" data-elementor-open-lightbox=\"no\" tabindex=\"0\" rel=\"jtg-3103\" data-caption=\"sem t\u00edtulo - com moldura - 2002 - Aquarela sobre papel - 50x12cm da s\u00e9rie Mar de todos os naufr\u00e1gios - ACLN00006\" aria-label=\"Abrir imagem no lightbox\" class=\"tile-inner modula-item-link\"><\/a><img loading=\"lazy\" decoding=\"async\" class=\"pic wp-image-4546\"  data-valign=\"middle\" data-halign=\"center\" alt=\"\" data-full=\"https:\/\/borghetti.com.br\/site\/wp-content\/uploads\/ACLN00006-50x12-1.jpeg\" title=\"ACLN00006-50x12\" crop=\"\" width=\"318\" height=\"1024\" src=\"https:\/\/borghetti.com.br\/site\/wp-content\/uploads\/ACLN00006-50x12-1-318x1024.jpeg\" data-src=\"https:\/\/borghetti.com.br\/site\/wp-content\/uploads\/ACLN00006-50x12-1-318x1024.jpeg\" data-caption=\"sem t\u00edtulo - com moldura - 2002 - Aquarela sobre papel - 50x12cm da s\u00e9rie Mar de todos os naufr\u00e1gios - ACLN00006\" srcset=\"https:\/\/borghetti.com.br\/site\/wp-content\/uploads\/ACLN00006-50x12-1.jpeg 466w, https:\/\/borghetti.com.br\/site\/wp-content\/uploads\/ACLN00006-50x12-1-93x300.jpeg 93w, https:\/\/borghetti.com.br\/site\/wp-content\/uploads\/ACLN00006-50x12-1-318x1024.jpeg 318w\" sizes=\"auto, (max-width: 318px) 100vw, 318px\" \/>\n\t\t<div class=\"figc\">\n\t\t\t<div class=\"figc-inner\">\n\t\t\t\t\t\t\t\t\t\t\t\t\t\t\t<\/div>\n\t\t<\/div>\n\n\t<\/div>\n\n<\/div><div class=\"modula-item effect-pufrobo\" >\n\t<div class=\"modula-item-overlay\"><\/div>\n\n\t<div class=\"modula-item-content\">\n\n\t\t<a data-image-id=\"4545\" role=\"button\" data-elementor-open-lightbox=\"no\" tabindex=\"0\" rel=\"jtg-3103\" data-caption=\"sem t\u00edtulo - com moldura - 2002 - Aquarela sobre papel - 50x12cm da s\u00e9rie Mar de todos os naufr\u00e1gios - ACLN00005\" aria-label=\"Abrir imagem no lightbox\" class=\"tile-inner modula-item-link\"><\/a><img loading=\"lazy\" decoding=\"async\" class=\"pic wp-image-4545\"  data-valign=\"middle\" data-halign=\"center\" alt=\"\" data-full=\"https:\/\/borghetti.com.br\/site\/wp-content\/uploads\/ACLN00005-50x12-1.jpeg\" title=\"ACLN00005-50x12\" crop=\"\" width=\"318\" height=\"1024\" src=\"https:\/\/borghetti.com.br\/site\/wp-content\/uploads\/ACLN00005-50x12-1-318x1024.jpeg\" data-src=\"https:\/\/borghetti.com.br\/site\/wp-content\/uploads\/ACLN00005-50x12-1-318x1024.jpeg\" data-caption=\"sem t\u00edtulo - com moldura - 2002 - Aquarela sobre papel - 50x12cm da s\u00e9rie Mar de todos os naufr\u00e1gios - ACLN00005\" srcset=\"https:\/\/borghetti.com.br\/site\/wp-content\/uploads\/ACLN00005-50x12-1.jpeg 466w, https:\/\/borghetti.com.br\/site\/wp-content\/uploads\/ACLN00005-50x12-1-93x300.jpeg 93w, https:\/\/borghetti.com.br\/site\/wp-content\/uploads\/ACLN00005-50x12-1-318x1024.jpeg 318w\" sizes=\"auto, (max-width: 318px) 100vw, 318px\" \/>\n\t\t<div class=\"figc\">\n\t\t\t<div class=\"figc-inner\">\n\t\t\t\t\t\t\t\t\t\t\t\t\t\t\t<\/div>\n\t\t<\/div>\n\n\t<\/div>\n\n<\/div><div class=\"modula-item effect-pufrobo\" >\n\t<div class=\"modula-item-overlay\"><\/div>\n\n\t<div class=\"modula-item-content\">\n\n\t\t<a data-image-id=\"4544\" role=\"button\" data-elementor-open-lightbox=\"no\" tabindex=\"0\" rel=\"jtg-3103\" data-caption=\"sem t\u00edtulo - com moldura - 2002 - Aquarela sobre papel - 50x12cm da s\u00e9rie Mar de todos os naufr\u00e1gios - ACLN00004\" aria-label=\"Abrir imagem no lightbox\" class=\"tile-inner modula-item-link\"><\/a><img loading=\"lazy\" decoding=\"async\" class=\"pic wp-image-4544\"  data-valign=\"middle\" data-halign=\"center\" alt=\"\" data-full=\"https:\/\/borghetti.com.br\/site\/wp-content\/uploads\/ACLN00004-50x12-1.jpeg\" title=\"ACLN00004-50x12\" crop=\"\" width=\"313\" height=\"1024\" src=\"https:\/\/borghetti.com.br\/site\/wp-content\/uploads\/ACLN00004-50x12-1-313x1024.jpeg\" data-src=\"https:\/\/borghetti.com.br\/site\/wp-content\/uploads\/ACLN00004-50x12-1-313x1024.jpeg\" data-caption=\"sem t\u00edtulo - com moldura - 2002 - Aquarela sobre papel - 50x12cm da s\u00e9rie Mar de todos os naufr\u00e1gios - ACLN00004\" srcset=\"https:\/\/borghetti.com.br\/site\/wp-content\/uploads\/ACLN00004-50x12-1.jpeg 458w, https:\/\/borghetti.com.br\/site\/wp-content\/uploads\/ACLN00004-50x12-1-92x300.jpeg 92w, https:\/\/borghetti.com.br\/site\/wp-content\/uploads\/ACLN00004-50x12-1-313x1024.jpeg 313w\" sizes=\"auto, (max-width: 313px) 100vw, 313px\" \/>\n\t\t<div class=\"figc\">\n\t\t\t<div class=\"figc-inner\">\n\t\t\t\t\t\t\t\t\t\t\t\t\t\t\t<\/div>\n\t\t<\/div>\n\n\t<\/div>\n\n<\/div><div class=\"modula-item effect-pufrobo\" >\n\t<div class=\"modula-item-overlay\"><\/div>\n\n\t<div class=\"modula-item-content\">\n\n\t\t<a data-image-id=\"4543\" role=\"button\" data-elementor-open-lightbox=\"no\" tabindex=\"0\" rel=\"jtg-3103\" data-caption=\"sem t\u00edtulo - com moldura - 2002 - Aquarela sobre papel - 50x12cm da s\u00e9rie Mar de todos os naufr\u00e1gios - ACLN00003\" aria-label=\"Abrir imagem no lightbox\" class=\"tile-inner modula-item-link\"><\/a><img loading=\"lazy\" decoding=\"async\" class=\"pic wp-image-4543\"  data-valign=\"middle\" data-halign=\"center\" alt=\"\" data-full=\"https:\/\/borghetti.com.br\/site\/wp-content\/uploads\/ACLN00003-50x12-1.jpeg\" title=\"ACLN00003-50x12\" crop=\"\" width=\"318\" height=\"1024\" src=\"https:\/\/borghetti.com.br\/site\/wp-content\/uploads\/ACLN00003-50x12-1-318x1024.jpeg\" data-src=\"https:\/\/borghetti.com.br\/site\/wp-content\/uploads\/ACLN00003-50x12-1-318x1024.jpeg\" data-caption=\"sem t\u00edtulo - com moldura - 2002 - Aquarela sobre papel - 50x12cm da s\u00e9rie Mar de todos os naufr\u00e1gios - ACLN00003\" srcset=\"https:\/\/borghetti.com.br\/site\/wp-content\/uploads\/ACLN00003-50x12-1.jpeg 466w, https:\/\/borghetti.com.br\/site\/wp-content\/uploads\/ACLN00003-50x12-1-93x300.jpeg 93w, https:\/\/borghetti.com.br\/site\/wp-content\/uploads\/ACLN00003-50x12-1-318x1024.jpeg 318w\" sizes=\"auto, (max-width: 318px) 100vw, 318px\" \/>\n\t\t<div class=\"figc\">\n\t\t\t<div class=\"figc-inner\">\n\t\t\t\t\t\t\t\t\t\t\t\t\t\t\t<\/div>\n\t\t<\/div>\n\n\t<\/div>\n\n<\/div><div class=\"modula-item effect-pufrobo\" >\n\t<div class=\"modula-item-overlay\"><\/div>\n\n\t<div class=\"modula-item-content\">\n\n\t\t<a data-image-id=\"4542\" role=\"button\" data-elementor-open-lightbox=\"no\" tabindex=\"0\" rel=\"jtg-3103\" data-caption=\"sem t\u00edtulo - com moldura - 2002 - Aquarela sobre papel - 50x12cm da s\u00e9rie Mar de todos os naufr\u00e1gios - ACLN00002\" aria-label=\"Abrir imagem no lightbox\" class=\"tile-inner modula-item-link\"><\/a><img loading=\"lazy\" decoding=\"async\" class=\"pic wp-image-4542\"  data-valign=\"middle\" data-halign=\"center\" alt=\"\" data-full=\"https:\/\/borghetti.com.br\/site\/wp-content\/uploads\/ACLN00002-50x12-1.jpeg\" title=\"ACLN00002-50x12\" crop=\"\" width=\"318\" height=\"1024\" src=\"https:\/\/borghetti.com.br\/site\/wp-content\/uploads\/ACLN00002-50x12-1-318x1024.jpeg\" data-src=\"https:\/\/borghetti.com.br\/site\/wp-content\/uploads\/ACLN00002-50x12-1-318x1024.jpeg\" data-caption=\"sem t\u00edtulo - com moldura - 2002 - Aquarela sobre papel - 50x12cm da s\u00e9rie Mar de todos os naufr\u00e1gios - ACLN00002\" srcset=\"https:\/\/borghetti.com.br\/site\/wp-content\/uploads\/ACLN00002-50x12-1.jpeg 466w, https:\/\/borghetti.com.br\/site\/wp-content\/uploads\/ACLN00002-50x12-1-93x300.jpeg 93w, https:\/\/borghetti.com.br\/site\/wp-content\/uploads\/ACLN00002-50x12-1-318x1024.jpeg 318w\" sizes=\"auto, (max-width: 318px) 100vw, 318px\" \/>\n\t\t<div class=\"figc\">\n\t\t\t<div class=\"figc-inner\">\n\t\t\t\t\t\t\t\t\t\t\t\t\t\t\t<\/div>\n\t\t<\/div>\n\n\t<\/div>\n\n<\/div><div class=\"modula-item effect-pufrobo\" >\n\t<div class=\"modula-item-overlay\"><\/div>\n\n\t<div class=\"modula-item-content\">\n\n\t\t<a data-image-id=\"4541\" role=\"button\" data-elementor-open-lightbox=\"no\" tabindex=\"0\" rel=\"jtg-3103\" data-caption=\"sem t\u00edtulo - com moldura - 2002 - Aquarela sobre papel - 50x12cm da s\u00e9rie Mar de todos os naufr\u00e1gios - ACLN00001\" aria-label=\"Abrir imagem no lightbox\" class=\"tile-inner modula-item-link\"><\/a><img loading=\"lazy\" decoding=\"async\" class=\"pic wp-image-4541\"  data-valign=\"middle\" data-halign=\"center\" alt=\"\" data-full=\"https:\/\/borghetti.com.br\/site\/wp-content\/uploads\/ACLN00001-50x12-1.jpeg\" title=\"ACLN00001-50x12\" crop=\"\" width=\"318\" height=\"1024\" src=\"https:\/\/borghetti.com.br\/site\/wp-content\/uploads\/ACLN00001-50x12-1-318x1024.jpeg\" data-src=\"https:\/\/borghetti.com.br\/site\/wp-content\/uploads\/ACLN00001-50x12-1-318x1024.jpeg\" data-caption=\"sem t\u00edtulo - com moldura - 2002 - Aquarela sobre papel - 50x12cm da s\u00e9rie Mar de todos os naufr\u00e1gios - ACLN00001\" srcset=\"https:\/\/borghetti.com.br\/site\/wp-content\/uploads\/ACLN00001-50x12-1.jpeg 466w, https:\/\/borghetti.com.br\/site\/wp-content\/uploads\/ACLN00001-50x12-1-93x300.jpeg 93w, https:\/\/borghetti.com.br\/site\/wp-content\/uploads\/ACLN00001-50x12-1-318x1024.jpeg 318w\" sizes=\"auto, (max-width: 318px) 100vw, 318px\" \/>\n\t\t<div class=\"figc\">\n\t\t\t<div class=\"figc-inner\">\n\t\t\t\t\t\t\t\t\t\t\t\t\t\t\t<\/div>\n\t\t<\/div>\n\n\t<\/div>\n\n<\/div>\t\t\n\t<\/div>\n\n\t\n\t\n\t<script type=\"application\/ld+json\">\n\t{\n\t\t\"@context\": \"https:\/\/schema.org\",\n\t\t\"@type\"   : \"ImageGallery\",\n\t\t\"id\"      : \"https:\/\/borghetti.com.br\/site\/obras\/pinturas\/outras-series\/mar-de-todos-os-naufragios\/#modula-gallery-3103\",\n\t\t\"url\"     : \"https:\/\/borghetti.com.br\/site\/obras\/pinturas\/outras-series\/mar-de-todos-os-naufragios\/\"\n\t}\n\n\t<\/script>\n\n\t\n<\/div>\n\t\t<\/div>\n\t\t\t\t<\/div>\n\t\t\t\t\t\t<\/div>\n\t\t\t\t\t<\/div>\n\t\t<\/div>\n\t\t\t\t\t\t\t\t<\/div>\n\t\t\t\t\t<\/div>\n\t\t<\/section>\n\t\t\t\t<section class=\"elementor-section elementor-top-section elementor-element elementor-element-469ea388 elementor-section-boxed elementor-section-height-default elementor-section-height-default\" data-id=\"469ea388\" data-element_type=\"section\">\n\t\t\t\t\t\t<div class=\"elementor-container elementor-column-gap-default\">\n\t\t\t\t\t\t\t<div class=\"elementor-row\">\n\t\t\t\t\t<div class=\"elementor-column elementor-col-100 elementor-top-column elementor-element elementor-element-2d8fd200\" data-id=\"2d8fd200\" data-element_type=\"column\">\n\t\t\t<div class=\"elementor-column-wrap elementor-element-populated\">\n\t\t\t\t\t\t\t<div class=\"elementor-widget-wrap\">\n\t\t\t\t\t\t<div class=\"elementor-element elementor-element-23a8ffbc elementor-align-center elementor-widget elementor-widget-button\" data-id=\"23a8ffbc\" data-element_type=\"widget\" data-widget_type=\"button.default\">\n\t\t\t\t<div class=\"elementor-widget-container\">\n\t\t\t\t\t<div class=\"elementor-button-wrapper\">\n\t\t\t<a href=\"https:\/\/borghetti.com.br\/site\/obras\/pinturas\/outras-series\/\" class=\"elementor-button-link elementor-button elementor-size-sm elementor-animation-grow\" role=\"button\">\n\t\t\t\t\t\t<span class=\"elementor-button-content-wrapper\">\n\t\t\t\t\t\t<span class=\"elementor-button-text\">Voltar<\/span>\n\t\t<\/span>\n\t\t\t\t\t<\/a>\n\t\t<\/div>\n\t\t\t\t<\/div>\n\t\t\t\t<\/div>\n\t\t\t\t\t\t<\/div>\n\t\t\t\t\t<\/div>\n\t\t<\/div>\n\t\t\t\t\t\t\t\t<\/div>\n\t\t\t\t\t<\/div>\n\t\t<\/section>\n\t\t\t\t<section class=\"elementor-section elementor-top-section elementor-element elementor-element-45b7679 elementor-section-boxed elementor-section-height-default elementor-section-height-default\" data-id=\"45b7679\" data-element_type=\"section\">\n\t\t\t\t\t\t<div class=\"elementor-container elementor-column-gap-default\">\n\t\t\t\t\t\t\t<div class=\"elementor-row\">\n\t\t\t\t\t<div class=\"elementor-column elementor-col-100 elementor-top-column elementor-element elementor-element-7613ba8\" data-id=\"7613ba8\" data-element_type=\"column\">\n\t\t\t<div class=\"elementor-column-wrap elementor-element-populated\">\n\t\t\t\t\t\t\t<div class=\"elementor-widget-wrap\">\n\t\t\t\t\t\t<div class=\"elementor-element elementor-element-96ba034 elementor-widget elementor-widget-spacer\" data-id=\"96ba034\" data-element_type=\"widget\" data-widget_type=\"spacer.default\">\n\t\t\t\t<div class=\"elementor-widget-container\">\n\t\t\t\t\t<div class=\"elementor-spacer\">\n\t\t\t<div class=\"elementor-spacer-inner\"><\/div>\n\t\t<\/div>\n\t\t\t\t<\/div>\n\t\t\t\t<\/div>\n\t\t\t\t\t\t<\/div>\n\t\t\t\t\t<\/div>\n\t\t<\/div>\n\t\t\t\t\t\t\t\t<\/div>\n\t\t\t\t\t<\/div>\n\t\t<\/section>\n\t\t\t\t\t\t<\/div>\n\t\t\t\t\t\t<\/div>\n\t\t\t\t\t<\/div>\n\t\t","protected":false},"excerpt":{"rendered":"<p>Mar de todos os naufr\u00e1gios Voltar<\/p>\n","protected":false},"author":1,"featured_media":0,"parent":3186,"menu_order":5,"comment_status":"closed","ping_status":"closed","template":"elementor_header_footer","meta":{"footnotes":""},"class_list":["post-3216","page","type-page","status-publish","hentry"],"_links":{"self":[{"href":"https:\/\/borghetti.com.br\/site\/wp-json\/wp\/v2\/pages\/3216","targetHints":{"allow":["GET"]}}],"collection":[{"href":"https:\/\/borghetti.com.br\/site\/wp-json\/wp\/v2\/pages"}],"about":[{"href":"https:\/\/borghetti.com.br\/site\/wp-json\/wp\/v2\/types\/page"}],"author":[{"embeddable":true,"href":"https:\/\/borghetti.com.br\/site\/wp-json\/wp\/v2\/users\/1"}],"replies":[{"embeddable":true,"href":"https:\/\/borghetti.com.br\/site\/wp-json\/wp\/v2\/comments?post=3216"}],"version-history":[{"count":4,"href":"https:\/\/borghetti.com.br\/site\/wp-json\/wp\/v2\/pages\/3216\/revisions"}],"predecessor-version":[{"id":3220,"href":"https:\/\/borghetti.com.br\/site\/wp-json\/wp\/v2\/pages\/3216\/revisions\/3220"}],"up":[{"embeddable":true,"href":"https:\/\/borghetti.com.br\/site\/wp-json\/wp\/v2\/pages\/3186"}],"wp:attachment":[{"href":"https:\/\/borghetti.com.br\/site\/wp-json\/wp\/v2\/media?parent=3216"}],"curies":[{"name":"wp","href":"https:\/\/api.w.org\/{rel}","templated":true}]}}